{"id":4917,"date":"2022-08-04T10:51:34","date_gmt":"2022-08-04T13:51:34","guid":{"rendered":"https:\/\/dixx.com.br\/?page_id=4917"},"modified":"2022-08-04T10:51:41","modified_gmt":"2022-08-04T13:51:41","slug":"tabela-de-medidas","status":"publish","type":"page","link":"https:\/\/dixx.com.br\/index.php\/tabela-de-medidas\/","title":{"rendered":"Tabela de medidas"},"content":{"rendered":"<p>Em caso de d\u00favidas acerca das medias consulte a tabela de medidas abaixo.<\/p>\n<p align=\"center\"><strong>Tabela de Medidas Feminino<\/strong><\/p>\n<div align=\"center\">\n<table border=\"1\" width=\"100%\">\n<tbody>\n<tr>\n<td colspan=\"4\" align=\"center\"><b>JEANS<\/b><\/td>\n<\/tr>\n<tr>\n<td align=\"center\" bgcolor=\"#C0C0C0\"><b>TAMANHO<\/b><\/td>\n<td align=\"center\" bgcolor=\"#C0C0C0\"><b>CINTURA ALTA<\/b><\/td>\n<td align=\"center\" bgcolor=\"#C0C0C0\"><b>QUADRIL<\/b><\/td>\n<td align=\"center\" bgcolor=\"#C0C0C0\"><b>CONTURA BAIXA<\/b><\/td>\n<\/tr>\n<tr>\n<td align=\"center\">36<\/td>\n<td align=\"center\">64 \u00e1 67<\/td>\n<td align=\"center\">98 \u00e1 101<\/td>\n<td align=\"center\">76 \u00e1 79<\/td>\n<\/tr>\n<tr>\n<td align=\"center\">38<\/td>\n<td align=\"center\">68 \u00e1 71<\/td>\n<td align=\"center\">102 \u00e1 106<\/td>\n<td align=\"center\">80 \u00e1 84<\/td>\n<\/tr>\n<tr>\n<td align=\"center\">40<\/td>\n<td align=\"center\">72 \u00e1 75<\/td>\n<td align=\"center\">107 \u00e1 110<\/td>\n<td align=\"center\">85 \u00e1 88<\/td>\n<\/tr>\n<tr>\n<td align=\"center\">42<\/td>\n<td align=\"center\">76 \u00e1 79<\/td>\n<td align=\"center\">111 \u00e1 114<\/td>\n<td align=\"center\">89 \u00e1 92<\/td>\n<\/tr>\n<tr>\n<td align=\"center\">44<\/td>\n<td align=\"center\">80 \u00e1 83<\/td>\n<td align=\"center\">115 \u00e1 118<\/td>\n<td align=\"center\">93 \u00e1 96<\/td>\n<\/tr>\n<tr>\n<td align=\"center\">46<\/td>\n<td align=\"center\">84 \u00e1 87<\/td>\n<td align=\"center\">119 \u00e1 122<\/td>\n<td align=\"center\">97 \u00e1 100<\/td>\n<\/tr>\n<\/tbody>\n<\/table>\n<\/div>\n<hr \/>\n<div align=\"center\">\n<table border=\"1\" width=\"100%\">\n<tbody>\n<tr>\n<td colspan=\"4\" align=\"center\"><b>MALHA<\/b><\/td>\n<\/tr>\n<tr>\n<td align=\"center\" bgcolor=\"#C0C0C0\">TAMANHO<\/td>\n<td align=\"center\" bgcolor=\"#C0C0C0\">CINTURA ALTA<\/td>\n<td align=\"center\" bgcolor=\"#C0C0C0\">BUSTO<\/td>\n<td align=\"center\" bgcolor=\"#C0C0C0\">QUADRIL<\/td>\n<\/tr>\n<tr>\n<td align=\"center\">P<\/td>\n<td align=\"center\">67 \u00e1 72<\/td>\n<td align=\"center\">86 \u00e1 90<\/td>\n<td align=\"center\">98 \u00e1 101<\/td>\n<\/tr>\n<tr>\n<td align=\"center\">M<\/td>\n<td align=\"center\">73 \u00e1 77<\/td>\n<td align=\"center\">91 \u00e1 95<\/td>\n<td align=\"center\">102 \u00e1 105<\/td>\n<\/tr>\n<tr>\n<td align=\"center\">G<\/td>\n<td align=\"center\">78 \u00e1 82<\/td>\n<td align=\"center\">96 \u00e1 100<\/td>\n<td align=\"center\">106 \u00e1 109<\/td>\n<\/tr>\n<\/tbody>\n<\/table>\n<\/div>\n","protected":false},"excerpt":{"rendered":"<p>Em caso de d\u00favidas acerca das medias consulte a tabela de medidas abaixo. Tabela de Medidas Feminino JEANS TAMANHO CINTURA ALTA QUADRIL CONTURA BAIXA 36 64 \u00e1 67 98 \u00e1 101 76 \u00e1 79 38 68 \u00e1 71 102 \u00e1 106 80 \u00e1 84 40&hellip;<\/p>\n","protected":false},"author":1,"featured_media":0,"parent":0,"menu_order":0,"comment_status":"closed","ping_status":"closed","template":"","meta":{"advgb_blocks_editor_width":"","advgb_blocks_columns_visual_guide":"","footnotes":""},"class_list":["post-4917","page","type-page","status-publish","hentry"],"yoast_head":"<!-- This site is optimized with the Yoast SEO Premium plugin v22.8 (Yoast SEO v27.5) - https:\/\/yoast.com\/product\/yoast-seo-premium-wordpress\/ -->\n<title>Tabela de medidas - Lojas Dixx<\/title>\n<meta name=\"description\" content=\"Em caso de d\u00favidas acerca das medias consulte a tabela de medidas abaixo.\" \/>\n<meta name=\"robots\" content=\"index, follow, max-snippet:-1, max-image-preview:large, max-video-preview:-1\" \/>\n<link rel=\"canonical\" href=\"https:\/\/dixx.com.br\/index.php\/tabela-de-medidas\/\" \/>\n<meta property=\"og:locale\" content=\"pt_BR\" \/>\n<meta property=\"og:type\" content=\"article\" \/>\n<meta property=\"og:title\" content=\"Tabela de medidas\" \/>\n<meta property=\"og:description\" content=\"Em caso de d\u00favidas acerca das medias consulte a tabela de medidas abaixo.\" \/>\n<meta property=\"og:url\" content=\"https:\/\/dixx.com.br\/index.php\/tabela-de-medidas\/\" \/>\n<meta property=\"og:site_name\" content=\"Lojas Dixx\" \/>\n<meta property=\"article:publisher\" content=\"https:\/\/www.facebook.com\/dixxtaguatinga\" \/>\n<meta property=\"article:modified_time\" content=\"2022-08-04T13:51:41+00:00\" \/>\n<meta property=\"og:image\" content=\"https:\/\/dixx.com.br\/wp-content\/uploads\/2024\/05\/semijoias_logo.png\" \/>\n\t<meta property=\"og:image:width\" content=\"562\" \/>\n\t<meta property=\"og:image:height\" content=\"252\" \/>\n\t<meta property=\"og:image:type\" content=\"image\/png\" \/>\n<meta name=\"twitter:card\" content=\"summary_large_image\" \/>\n<script type=\"application\/ld+json\" class=\"yoast-schema-graph\">{\"@context\":\"https:\\\/\\\/schema.org\",\"@graph\":[{\"@type\":\"WebPage\",\"@id\":\"https:\\\/\\\/dixx.com.br\\\/index.php\\\/tabela-de-medidas\\\/\",\"url\":\"https:\\\/\\\/dixx.com.br\\\/index.php\\\/tabela-de-medidas\\\/\",\"name\":\"Tabela de medidas - Lojas Dixx\",\"isPartOf\":{\"@id\":\"https:\\\/\\\/dixx.com.br\\\/#website\"},\"datePublished\":\"2022-08-04T13:51:34+00:00\",\"dateModified\":\"2022-08-04T13:51:41+00:00\",\"description\":\"Em caso de d\u00favidas acerca das medias consulte a tabela de medidas abaixo.\",\"breadcrumb\":{\"@id\":\"https:\\\/\\\/dixx.com.br\\\/index.php\\\/tabela-de-medidas\\\/#breadcrumb\"},\"inLanguage\":\"pt-BR\",\"potentialAction\":[{\"@type\":\"ReadAction\",\"target\":[\"https:\\\/\\\/dixx.com.br\\\/index.php\\\/tabela-de-medidas\\\/\"]}]},{\"@type\":\"BreadcrumbList\",\"@id\":\"https:\\\/\\\/dixx.com.br\\\/index.php\\\/tabela-de-medidas\\\/#breadcrumb\",\"itemListElement\":[{\"@type\":\"ListItem\",\"position\":1,\"name\":\"In\u00edcio\",\"item\":\"https:\\\/\\\/dixx.com.br\\\/\"},{\"@type\":\"ListItem\",\"position\":2,\"name\":\"Tabela de medidas\"}]},{\"@type\":\"WebSite\",\"@id\":\"https:\\\/\\\/dixx.com.br\\\/#website\",\"url\":\"https:\\\/\\\/dixx.com.br\\\/\",\"name\":\"Semijoias Dixx\",\"description\":\"Descubra uma cole\u00e7\u00e3o exclusiva de semi-joias que combina luxo e acessibilidade. Nossas pe\u00e7as s\u00e3o meticulosamente banhadas a ouro 18k e confeccionadas em prata 925, garantindo durabilidade e beleza. Cada item \u00e9 um testemunho de eleg\u00e2ncia atemporal e sofistica\u00e7\u00e3o, ideal para complementar qualquer estilo, seja moderno ou tradicional. Com compromisso com a qualidade e o artesanato, oferecemos joias que voc\u00ea pode confiar.\",\"publisher\":{\"@id\":\"https:\\\/\\\/dixx.com.br\\\/#organization\"},\"alternateName\":\"joias Dixx, Prata 925 e Ouro 18k\",\"potentialAction\":[{\"@type\":\"SearchAction\",\"target\":{\"@type\":\"EntryPoint\",\"urlTemplate\":\"https:\\\/\\\/dixx.com.br\\\/?s={search_term_string}\"},\"query-input\":{\"@type\":\"PropertyValueSpecification\",\"valueRequired\":true,\"valueName\":\"search_term_string\"}}],\"inLanguage\":\"pt-BR\"},{\"@type\":[\"Organization\",\"Place\",\"JewelryStore\"],\"@id\":\"https:\\\/\\\/dixx.com.br\\\/#organization\",\"name\":\"Semijoias Dixx\",\"alternateName\":\"Joias Dixx\",\"url\":\"https:\\\/\\\/dixx.com.br\\\/\",\"logo\":{\"@id\":\"https:\\\/\\\/dixx.com.br\\\/index.php\\\/tabela-de-medidas\\\/#local-main-organization-logo\"},\"image\":{\"@id\":\"https:\\\/\\\/dixx.com.br\\\/index.php\\\/tabela-de-medidas\\\/#local-main-organization-logo\"},\"sameAs\":[\"https:\\\/\\\/www.facebook.com\\\/dixxtaguatinga\",\"https:\\\/\\\/www.instagram.com\\\/Semijoias_dixx\"],\"description\":\"Descubra uma cole\u00e7\u00e3o exclusiva de semi-joias que combina luxo e acessibilidade. Nossas pe\u00e7as s\u00e3o meticulosamente banhadas a ouro 18k e confeccionadas em prata 925, garantindo durabilidade e beleza. Cada item \u00e9 um testemunho de eleg\u00e2ncia atemporal e sofistica\u00e7\u00e3o, ideal para complementar qualquer estilo, seja moderno ou tradicional.\",\"foundingDate\":\"2006-09-01\",\"numberOfEmployees\":{\"@type\":\"QuantitativeValue\",\"minValue\":\"1\",\"maxValue\":\"10\"},\"publishingPrinciples\":\"https:\\\/\\\/dixx.com.br\\\/index.php\\\/refund_returns\\\/\",\"ownershipFundingInfo\":\"https:\\\/\\\/dixx.com.br\\\/index.php\\\/contato\\\/\",\"actionableFeedbackPolicy\":\"https:\\\/\\\/dixx.com.br\\\/index.php\\\/contato\\\/\",\"correctionsPolicy\":\"https:\\\/\\\/dixx.com.br\\\/index.php\\\/contato\\\/\",\"ethicsPolicy\":\"https:\\\/\\\/dixx.com.br\\\/index.php\\\/refund_returns\\\/\",\"address\":{\"@id\":\"https:\\\/\\\/dixx.com.br\\\/index.php\\\/tabela-de-medidas\\\/#local-main-place-address\"},\"geo\":{\"@type\":\"GeoCoordinates\",\"latitude\":\"-15.835887640904977\",\"longitude\":\"-48.06067428803497\"},\"telephone\":[\"61991387437\",\"61981004476\"],\"contactPoint\":{\"@type\":\"ContactPoint\",\"telephone\":\"61991387437\",\"email\":\"orlando@dixx.com.br\"},\"openingHoursSpecification\":[{\"@type\":\"OpeningHoursSpecification\",\"dayOfWeek\":[\"Sunday\",\"Monday\"],\"opens\":\"00:00\",\"closes\":\"00:00\"},{\"@type\":\"OpeningHoursSpecification\",\"dayOfWeek\":[\"Tuesday\",\"Wednesday\",\"Thursday\",\"Friday\",\"Saturday\"],\"opens\":\"09:00\",\"closes\":\"17:00\"}],\"email\":\"contato@dixx.com.br\",\"vatID\":\"08.346.053\\\/0001-70\",\"taxID\":\"041.178.644-08\",\"priceRange\":\"$$\",\"currenciesAccepted\":\"Real-BR\",\"paymentAccepted\":\"Cart\u00e3o de credito, D\u00e9bito, PIX e Dinheiro\"},{\"@type\":\"PostalAddress\",\"@id\":\"https:\\\/\\\/dixx.com.br\\\/index.php\\\/tabela-de-medidas\\\/#local-main-place-address\",\"streetAddress\":\"\u00c1rea Especial 7, Feira dos Importados de Taguatinga, loja 117\",\"addressLocality\":\"Bras\u00edlia\",\"postalCode\":\"72016-131\",\"addressRegion\":\"Distrito Federal\",\"addressCountry\":\"BR\"},{\"@type\":\"ImageObject\",\"inLanguage\":\"pt-BR\",\"@id\":\"https:\\\/\\\/dixx.com.br\\\/index.php\\\/tabela-de-medidas\\\/#local-main-organization-logo\",\"url\":\"https:\\\/\\\/dixx.com.br\\\/wp-content\\\/uploads\\\/2024\\\/06\\\/cropped-LOGO-DIXX-OLD-e1718293516659.png\",\"contentUrl\":\"https:\\\/\\\/dixx.com.br\\\/wp-content\\\/uploads\\\/2024\\\/06\\\/cropped-LOGO-DIXX-OLD-e1718293516659.png\",\"width\":149,\"height\":56,\"caption\":\"Semijoias Dixx\"}]}<\/script>\n<meta name=\"geo.placename\" content=\"Bras\u00edlia\" \/>\n<meta name=\"geo.position\" content=\"-15.835887640904977;-48.06067428803497\" \/>\n<meta name=\"geo.region\" content=\"Brasil\" \/>\n<!-- \/ Yoast SEO Premium plugin. -->","yoast_head_json":{"title":"Tabela de medidas - Lojas Dixx","description":"Em caso de d\u00favidas acerca das medias consulte a tabela de medidas abaixo.","robots":{"index":"index","follow":"follow","max-snippet":"max-snippet:-1","max-image-preview":"max-image-preview:large","max-video-preview":"max-video-preview:-1"},"canonical":"https:\/\/dixx.com.br\/index.php\/tabela-de-medidas\/","og_locale":"pt_BR","og_type":"article","og_title":"Tabela de medidas","og_description":"Em caso de d\u00favidas acerca das medias consulte a tabela de medidas abaixo.","og_url":"https:\/\/dixx.com.br\/index.php\/tabela-de-medidas\/","og_site_name":"Lojas Dixx","article_publisher":"https:\/\/www.facebook.com\/dixxtaguatinga","article_modified_time":"2022-08-04T13:51:41+00:00","og_image":[{"width":562,"height":252,"url":"https:\/\/dixx.com.br\/wp-content\/uploads\/2024\/05\/semijoias_logo.png","type":"image\/png"}],"twitter_card":"summary_large_image","schema":{"@context":"https:\/\/schema.org","@graph":[{"@type":"WebPage","@id":"https:\/\/dixx.com.br\/index.php\/tabela-de-medidas\/","url":"https:\/\/dixx.com.br\/index.php\/tabela-de-medidas\/","name":"Tabela de medidas - Lojas Dixx","isPartOf":{"@id":"https:\/\/dixx.com.br\/#website"},"datePublished":"2022-08-04T13:51:34+00:00","dateModified":"2022-08-04T13:51:41+00:00","description":"Em caso de d\u00favidas acerca das medias consulte a tabela de medidas abaixo.","breadcrumb":{"@id":"https:\/\/dixx.com.br\/index.php\/tabela-de-medidas\/#breadcrumb"},"inLanguage":"pt-BR","potentialAction":[{"@type":"ReadAction","target":["https:\/\/dixx.com.br\/index.php\/tabela-de-medidas\/"]}]},{"@type":"BreadcrumbList","@id":"https:\/\/dixx.com.br\/index.php\/tabela-de-medidas\/#breadcrumb","itemListElement":[{"@type":"ListItem","position":1,"name":"In\u00edcio","item":"https:\/\/dixx.com.br\/"},{"@type":"ListItem","position":2,"name":"Tabela de medidas"}]},{"@type":"WebSite","@id":"https:\/\/dixx.com.br\/#website","url":"https:\/\/dixx.com.br\/","name":"Semijoias Dixx","description":"Descubra uma cole\u00e7\u00e3o exclusiva de semi-joias que combina luxo e acessibilidade. Nossas pe\u00e7as s\u00e3o meticulosamente banhadas a ouro 18k e confeccionadas em prata 925, garantindo durabilidade e beleza. Cada item \u00e9 um testemunho de eleg\u00e2ncia atemporal e sofistica\u00e7\u00e3o, ideal para complementar qualquer estilo, seja moderno ou tradicional. Com compromisso com a qualidade e o artesanato, oferecemos joias que voc\u00ea pode confiar.","publisher":{"@id":"https:\/\/dixx.com.br\/#organization"},"alternateName":"joias Dixx, Prata 925 e Ouro 18k","potentialAction":[{"@type":"SearchAction","target":{"@type":"EntryPoint","urlTemplate":"https:\/\/dixx.com.br\/?s={search_term_string}"},"query-input":{"@type":"PropertyValueSpecification","valueRequired":true,"valueName":"search_term_string"}}],"inLanguage":"pt-BR"},{"@type":["Organization","Place","JewelryStore"],"@id":"https:\/\/dixx.com.br\/#organization","name":"Semijoias Dixx","alternateName":"Joias Dixx","url":"https:\/\/dixx.com.br\/","logo":{"@id":"https:\/\/dixx.com.br\/index.php\/tabela-de-medidas\/#local-main-organization-logo"},"image":{"@id":"https:\/\/dixx.com.br\/index.php\/tabela-de-medidas\/#local-main-organization-logo"},"sameAs":["https:\/\/www.facebook.com\/dixxtaguatinga","https:\/\/www.instagram.com\/Semijoias_dixx"],"description":"Descubra uma cole\u00e7\u00e3o exclusiva de semi-joias que combina luxo e acessibilidade. Nossas pe\u00e7as s\u00e3o meticulosamente banhadas a ouro 18k e confeccionadas em prata 925, garantindo durabilidade e beleza. Cada item \u00e9 um testemunho de eleg\u00e2ncia atemporal e sofistica\u00e7\u00e3o, ideal para complementar qualquer estilo, seja moderno ou tradicional.","foundingDate":"2006-09-01","numberOfEmployees":{"@type":"QuantitativeValue","minValue":"1","maxValue":"10"},"publishingPrinciples":"https:\/\/dixx.com.br\/index.php\/refund_returns\/","ownershipFundingInfo":"https:\/\/dixx.com.br\/index.php\/contato\/","actionableFeedbackPolicy":"https:\/\/dixx.com.br\/index.php\/contato\/","correctionsPolicy":"https:\/\/dixx.com.br\/index.php\/contato\/","ethicsPolicy":"https:\/\/dixx.com.br\/index.php\/refund_returns\/","address":{"@id":"https:\/\/dixx.com.br\/index.php\/tabela-de-medidas\/#local-main-place-address"},"geo":{"@type":"GeoCoordinates","latitude":"-15.835887640904977","longitude":"-48.06067428803497"},"telephone":["61991387437","61981004476"],"contactPoint":{"@type":"ContactPoint","telephone":"61991387437","email":"orlando@dixx.com.br"},"openingHoursSpecification":[{"@type":"OpeningHoursSpecification","dayOfWeek":["Sunday","Monday"],"opens":"00:00","closes":"00:00"},{"@type":"OpeningHoursSpecification","dayOfWeek":["Tuesday","Wednesday","Thursday","Friday","Saturday"],"opens":"09:00","closes":"17:00"}],"email":"contato@dixx.com.br","vatID":"08.346.053\/0001-70","taxID":"041.178.644-08","priceRange":"$$","currenciesAccepted":"Real-BR","paymentAccepted":"Cart\u00e3o de credito, D\u00e9bito, PIX e Dinheiro"},{"@type":"PostalAddress","@id":"https:\/\/dixx.com.br\/index.php\/tabela-de-medidas\/#local-main-place-address","streetAddress":"\u00c1rea Especial 7, Feira dos Importados de Taguatinga, loja 117","addressLocality":"Bras\u00edlia","postalCode":"72016-131","addressRegion":"Distrito Federal","addressCountry":"BR"},{"@type":"ImageObject","inLanguage":"pt-BR","@id":"https:\/\/dixx.com.br\/index.php\/tabela-de-medidas\/#local-main-organization-logo","url":"https:\/\/dixx.com.br\/wp-content\/uploads\/2024\/06\/cropped-LOGO-DIXX-OLD-e1718293516659.png","contentUrl":"https:\/\/dixx.com.br\/wp-content\/uploads\/2024\/06\/cropped-LOGO-DIXX-OLD-e1718293516659.png","width":149,"height":56,"caption":"Semijoias Dixx"}]},"geo.placename":"Bras\u00edlia","geo.position":{"lat":"-15.835887640904977","long":"-48.06067428803497"},"geo.region":"Brasil"},"coauthors":[],"author_meta":{"author_link":"https:\/\/dixx.com.br\/index.php\/author\/obporlando\/","display_name":"Orlando Passos"},"relative_dates":{"created":"Publicado 4 anos atr\u00e1s","modified":"Atualizado 4 anos atr\u00e1s"},"absolute_dates":{"created":"Publicado em 4 de agosto de 2022","modified":"Atualizado em 4 de agosto de 2022"},"absolute_dates_time":{"created":"Publicado em 4 de agosto de 2022 10:51","modified":"Atualizado em 4 de agosto de 2022 10:51"},"featured_img_caption":"","featured_img":false,"series_order":"","_links":{"self":[{"href":"https:\/\/dixx.com.br\/index.php\/wp-json\/wp\/v2\/pages\/4917","targetHints":{"allow":["GET"]}}],"collection":[{"href":"https:\/\/dixx.com.br\/index.php\/wp-json\/wp\/v2\/pages"}],"about":[{"href":"https:\/\/dixx.com.br\/index.php\/wp-json\/wp\/v2\/types\/page"}],"author":[{"embeddable":true,"href":"https:\/\/dixx.com.br\/index.php\/wp-json\/wp\/v2\/users\/1"}],"replies":[{"embeddable":true,"href":"https:\/\/dixx.com.br\/index.php\/wp-json\/wp\/v2\/comments?post=4917"}],"version-history":[{"count":1,"href":"https:\/\/dixx.com.br\/index.php\/wp-json\/wp\/v2\/pages\/4917\/revisions"}],"predecessor-version":[{"id":4919,"href":"https:\/\/dixx.com.br\/index.php\/wp-json\/wp\/v2\/pages\/4917\/revisions\/4919"}],"wp:attachment":[{"href":"https:\/\/dixx.com.br\/index.php\/wp-json\/wp\/v2\/media?parent=4917"}],"curies":[{"name":"wp","href":"https:\/\/api.w.org\/{rel}","templated":true}]}}