{"id":812,"date":"2021-10-20T19:09:12","date_gmt":"2021-10-20T22:09:12","guid":{"rendered":"https:\/\/dixx.com.br\/?page_id=812"},"modified":"2021-10-20T22:10:57","modified_gmt":"2021-10-21T01:10:57","slug":"contato","status":"publish","type":"page","link":"https:\/\/dixx.com.br\/index.php\/contato\/","title":{"rendered":"Contato"},"content":{"rendered":"\n<p>Bem-vindo a pagina de contato da Dixx Wear!<\/p>\n\n\n\n<p>Utilize os campos a baixo para entrar em contato e descrever os detalhes de sua solicita\u00e7\u00e3o, nossa equipe entrar\u00e1  em contato o quanto antes.<\/p>\n\n\n\n<p>Obs.: Caso j\u00e1 seja cliente e esteja entrando em contato para tratar de Troca\/Devolu\u00e7\u00e3o <a href=\"https:\/\/dixx.com.br\/index.php\/troca-facil\/\">clique aqui!<\/a><\/p>\n\n\n<div class=\"wpforms-container wpforms-container-full wpforms-block\" id=\"wpforms-813\"><form id=\"wpforms-form-813\" class=\"wpforms-validate wpforms-form wpforms-ajax-form\" data-formid=\"813\" method=\"post\" enctype=\"multipart\/form-data\" action=\"\/index.php\/wp-json\/wp\/v2\/pages\/812\" data-token=\"84ebdf83a249bb87dd047f6c4c0ff24f\" data-token-time=\"1777313468\"><noscript class=\"wpforms-error-noscript\">Ative o JavaScript no seu navegador para preencher este formul\u00e1rio.<\/noscript><div class=\"wpforms-field-container\"><div id=\"wpforms-813-field_7-container\" class=\"wpforms-field wpforms-field-name\" data-field-id=\"7\"><label class=\"wpforms-field-label\" for=\"wpforms-813-field_7\">Nome: <span class=\"wpforms-required-label\">*<\/span><\/label><input type=\"text\" id=\"wpforms-813-field_7\" class=\"wpforms-field-medium wpforms-field-required\" name=\"wpforms[fields][7]\" required><\/div><div id=\"wpforms-813-field_5-container\" class=\"wpforms-field wpforms-field-email\" data-field-id=\"5\"><label class=\"wpforms-field-label\" for=\"wpforms-813-field_5\">E-mail: <span class=\"wpforms-required-label\">*<\/span><\/label><input type=\"email\" id=\"wpforms-813-field_5\" class=\"wpforms-field-medium wpforms-field-required\" name=\"wpforms[fields][5]\" spellcheck=\"false\" required><\/div><div id=\"wpforms-813-field_8-container\" class=\"wpforms-field wpforms-field-select wpforms-field-select-style-classic\" data-field-id=\"8\"><label class=\"wpforms-field-label\" for=\"wpforms-813-field_8\">Departamento: <span class=\"wpforms-required-label\">*<\/span><\/label><select id=\"wpforms-813-field_8\" class=\"wpforms-field-medium wpforms-field-required\" name=\"wpforms[fields][8]\" required=\"required\"><option value=\"Suporte\"  selected='selected' class=\"choice-4 depth-1\"  >Suporte<\/option><option value=\"Informa\u00e7\u00f5es \"  class=\"choice-3 depth-1\"  >Informa\u00e7\u00f5es<\/option><option value=\"Cancelamento de Compra\"  class=\"choice-2 depth-1\"  >Cancelamento de Compra<\/option><\/select><\/div><div id=\"wpforms-813-field_3-container\" class=\"wpforms-field wpforms-field-number\" data-field-id=\"3\"><label class=\"wpforms-field-label\" for=\"wpforms-813-field_3\">N\u00famero do Pedido:<\/label><input type=\"number\" id=\"wpforms-813-field_3\" class=\"wpforms-field-medium\" name=\"wpforms[fields][3]\" step=\"any\" ><\/div><div id=\"wpforms-813-field_6-container\" class=\"wpforms-field wpforms-field-textarea\" data-field-id=\"6\"><label class=\"wpforms-field-label\" for=\"wpforms-813-field_6\">Descreva sua solicita\u00e7\u00e3o com detalhes! <span class=\"wpforms-required-label\">*<\/span><\/label><textarea id=\"wpforms-813-field_6\" class=\"wpforms-field-medium wpforms-field-required\" name=\"wpforms[fields][6]\" required><\/textarea><\/div><\/div><!-- .wpforms-field-container --><div class=\"wpforms-recaptcha-container wpforms-is-recaptcha wpforms-is-recaptcha-type-invisible\" ><div class=\"g-recaptcha\" data-sitekey=\"6Le7cM8oAAAAAAHbpEy0CqbCGhaNu4vjgNgbgsSc\" data-size=\"invisible\"><\/div><\/div><div class=\"wpforms-submit-container\" ><input type=\"hidden\" name=\"wpforms[id]\" value=\"813\"><input type=\"hidden\" name=\"page_title\" value=\"\"><input type=\"hidden\" name=\"page_url\" value=\"https:\/\/dixx.com.br\/index.php\/wp-json\/wp\/v2\/pages\/812\"><input type=\"hidden\" name=\"url_referer\" value=\"\"><button type=\"submit\" name=\"wpforms[submit]\" id=\"wpforms-submit-813\" class=\"wpforms-submit\" data-alt-text=\"Enviando...\" data-submit-text=\"Enviar\" aria-live=\"assertive\" value=\"wpforms-submit\">Enviar<\/button><img decoding=\"async\" src=\"https:\/\/dixx.com.br\/wp-content\/plugins\/wpforms-lite\/assets\/images\/submit-spin.svg\" class=\"wpforms-submit-spinner\" style=\"display: none;\" width=\"26\" height=\"26\" alt=\"Carregando\"><\/div><\/form><\/div>  <!-- .wpforms-container -->\n\n\n<p><\/p>\n","protected":false},"excerpt":{"rendered":"<p>Bem-vindo a pagina de contato da Dixx Wear! Utilize os campos a baixo para entrar em contato e descrever os detalhes de sua solicita\u00e7\u00e3o, nossa equipe entrar\u00e1 em contato o quanto antes. Obs.: Caso j\u00e1 seja cliente e esteja entrando em contato para tratar de&hellip;<\/p>\n","protected":false},"author":1,"featured_media":0,"parent":0,"menu_order":0,"comment_status":"closed","ping_status":"closed","template":"","meta":{"advgb_blocks_editor_width":"","advgb_blocks_columns_visual_guide":"","footnotes":""},"class_list":["post-812","page","type-page","status-publish","hentry"],"yoast_head":"<!-- This site is optimized with the Yoast SEO Premium plugin v22.8 (Yoast SEO v27.4) - https:\/\/yoast.com\/product\/yoast-seo-premium-wordpress\/ -->\n<title>Contato - Lojas Dixx<\/title>\n<meta name=\"description\" content=\"Utilize os campos a baixo para entrar em contato e descrever os detalhes de sua solicita\u00e7\u00e3o, nosa equipe entrar em contato o quanto antes.\" \/>\n<meta name=\"robots\" content=\"index, follow, max-snippet:-1, max-image-preview:large, max-video-preview:-1\" \/>\n<link rel=\"canonical\" href=\"https:\/\/dixx.com.br\/index.php\/contato\/\" \/>\n<meta property=\"og:locale\" content=\"pt_BR\" \/>\n<meta property=\"og:type\" content=\"article\" \/>\n<meta property=\"og:title\" content=\"Contato\" \/>\n<meta property=\"og:description\" content=\"Utilize os campos a baixo para entrar em contato e descrever os detalhes de sua solicita\u00e7\u00e3o, nosa equipe entrar em contato o quanto antes.\" \/>\n<meta property=\"og:url\" content=\"https:\/\/dixx.com.br\/index.php\/contato\/\" \/>\n<meta property=\"og:site_name\" content=\"Lojas Dixx\" \/>\n<meta property=\"article:publisher\" content=\"https:\/\/www.facebook.com\/dixxtaguatinga\" \/>\n<meta property=\"article:modified_time\" content=\"2021-10-21T01:10:57+00:00\" \/>\n<meta property=\"og:image\" content=\"https:\/\/dixx.com.br\/wp-content\/uploads\/2024\/05\/semijoias_logo.png\" \/>\n\t<meta property=\"og:image:width\" content=\"562\" \/>\n\t<meta property=\"og:image:height\" content=\"252\" \/>\n\t<meta property=\"og:image:type\" content=\"image\/png\" \/>\n<meta name=\"twitter:card\" content=\"summary_large_image\" \/>\n<meta name=\"twitter:label1\" content=\"Est. tempo de leitura\" \/>\n\t<meta name=\"twitter:data1\" content=\"1 minuto\" \/>\n<script type=\"application\/ld+json\" class=\"yoast-schema-graph\">{\"@context\":\"https:\\\/\\\/schema.org\",\"@graph\":[{\"@type\":\"WebPage\",\"@id\":\"https:\\\/\\\/dixx.com.br\\\/index.php\\\/contato\\\/\",\"url\":\"https:\\\/\\\/dixx.com.br\\\/index.php\\\/contato\\\/\",\"name\":\"Contato - Lojas Dixx\",\"isPartOf\":{\"@id\":\"https:\\\/\\\/dixx.com.br\\\/#website\"},\"datePublished\":\"2021-10-20T22:09:12+00:00\",\"dateModified\":\"2021-10-21T01:10:57+00:00\",\"description\":\"Utilize os campos a baixo para entrar em contato e descrever os detalhes de sua solicita\u00e7\u00e3o, nosa equipe entrar em contato o quanto antes.\",\"breadcrumb\":{\"@id\":\"https:\\\/\\\/dixx.com.br\\\/index.php\\\/contato\\\/#breadcrumb\"},\"inLanguage\":\"pt-BR\",\"potentialAction\":[{\"@type\":\"ReadAction\",\"target\":[\"https:\\\/\\\/dixx.com.br\\\/index.php\\\/contato\\\/\"]}]},{\"@type\":\"BreadcrumbList\",\"@id\":\"https:\\\/\\\/dixx.com.br\\\/index.php\\\/contato\\\/#breadcrumb\",\"itemListElement\":[{\"@type\":\"ListItem\",\"position\":1,\"name\":\"In\u00edcio\",\"item\":\"https:\\\/\\\/dixx.com.br\\\/\"},{\"@type\":\"ListItem\",\"position\":2,\"name\":\"Contato\"}]},{\"@type\":\"WebSite\",\"@id\":\"https:\\\/\\\/dixx.com.br\\\/#website\",\"url\":\"https:\\\/\\\/dixx.com.br\\\/\",\"name\":\"Semijoias Dixx\",\"description\":\"Descubra uma cole\u00e7\u00e3o exclusiva de semi-joias que combina luxo e acessibilidade. Nossas pe\u00e7as s\u00e3o meticulosamente banhadas a ouro 18k e confeccionadas em prata 925, garantindo durabilidade e beleza. Cada item \u00e9 um testemunho de eleg\u00e2ncia atemporal e sofistica\u00e7\u00e3o, ideal para complementar qualquer estilo, seja moderno ou tradicional. Com compromisso com a qualidade e o artesanato, oferecemos joias que voc\u00ea pode confiar.\",\"publisher\":{\"@id\":\"https:\\\/\\\/dixx.com.br\\\/#organization\"},\"alternateName\":\"joias Dixx, Prata 925 e Ouro 18k\",\"potentialAction\":[{\"@type\":\"SearchAction\",\"target\":{\"@type\":\"EntryPoint\",\"urlTemplate\":\"https:\\\/\\\/dixx.com.br\\\/?s={search_term_string}\"},\"query-input\":{\"@type\":\"PropertyValueSpecification\",\"valueRequired\":true,\"valueName\":\"search_term_string\"}}],\"inLanguage\":\"pt-BR\"},{\"@type\":[\"Organization\",\"Place\",\"JewelryStore\"],\"@id\":\"https:\\\/\\\/dixx.com.br\\\/#organization\",\"name\":\"Semijoias Dixx\",\"alternateName\":\"Joias Dixx\",\"url\":\"https:\\\/\\\/dixx.com.br\\\/\",\"logo\":{\"@id\":\"https:\\\/\\\/dixx.com.br\\\/index.php\\\/contato\\\/#local-main-organization-logo\"},\"image\":{\"@id\":\"https:\\\/\\\/dixx.com.br\\\/index.php\\\/contato\\\/#local-main-organization-logo\"},\"sameAs\":[\"https:\\\/\\\/www.facebook.com\\\/dixxtaguatinga\",\"https:\\\/\\\/www.instagram.com\\\/Semijoias_dixx\"],\"description\":\"Descubra uma cole\u00e7\u00e3o exclusiva de semi-joias que combina luxo e acessibilidade. Nossas pe\u00e7as s\u00e3o meticulosamente banhadas a ouro 18k e confeccionadas em prata 925, garantindo durabilidade e beleza. Cada item \u00e9 um testemunho de eleg\u00e2ncia atemporal e sofistica\u00e7\u00e3o, ideal para complementar qualquer estilo, seja moderno ou tradicional.\",\"foundingDate\":\"2006-09-01\",\"numberOfEmployees\":{\"@type\":\"QuantitativeValue\",\"minValue\":\"1\",\"maxValue\":\"10\"},\"publishingPrinciples\":\"https:\\\/\\\/dixx.com.br\\\/index.php\\\/refund_returns\\\/\",\"ownershipFundingInfo\":\"https:\\\/\\\/dixx.com.br\\\/index.php\\\/contato\\\/\",\"actionableFeedbackPolicy\":\"https:\\\/\\\/dixx.com.br\\\/index.php\\\/contato\\\/\",\"correctionsPolicy\":\"https:\\\/\\\/dixx.com.br\\\/index.php\\\/contato\\\/\",\"ethicsPolicy\":\"https:\\\/\\\/dixx.com.br\\\/index.php\\\/refund_returns\\\/\",\"address\":{\"@id\":\"https:\\\/\\\/dixx.com.br\\\/index.php\\\/contato\\\/#local-main-place-address\"},\"geo\":{\"@type\":\"GeoCoordinates\",\"latitude\":\"-15.835887640904977\",\"longitude\":\"-48.06067428803497\"},\"telephone\":[\"61991387437\",\"61981004476\"],\"contactPoint\":{\"@type\":\"ContactPoint\",\"telephone\":\"61991387437\",\"email\":\"orlando@dixx.com.br\"},\"openingHoursSpecification\":[{\"@type\":\"OpeningHoursSpecification\",\"dayOfWeek\":[\"Sunday\",\"Monday\"],\"opens\":\"00:00\",\"closes\":\"00:00\"},{\"@type\":\"OpeningHoursSpecification\",\"dayOfWeek\":[\"Tuesday\",\"Wednesday\",\"Thursday\",\"Friday\",\"Saturday\"],\"opens\":\"09:00\",\"closes\":\"17:00\"}],\"email\":\"contato@dixx.com.br\",\"vatID\":\"08.346.053\\\/0001-70\",\"taxID\":\"041.178.644-08\",\"priceRange\":\"$$\",\"currenciesAccepted\":\"Real-BR\",\"paymentAccepted\":\"Cart\u00e3o de credito, D\u00e9bito, PIX e Dinheiro\"},{\"@type\":\"PostalAddress\",\"@id\":\"https:\\\/\\\/dixx.com.br\\\/index.php\\\/contato\\\/#local-main-place-address\",\"streetAddress\":\"\u00c1rea Especial 7, Feira dos Importados de Taguatinga, loja 117\",\"addressLocality\":\"Bras\u00edlia\",\"postalCode\":\"72016-131\",\"addressRegion\":\"Distrito Federal\",\"addressCountry\":\"BR\"},{\"@type\":\"ImageObject\",\"inLanguage\":\"pt-BR\",\"@id\":\"https:\\\/\\\/dixx.com.br\\\/index.php\\\/contato\\\/#local-main-organization-logo\",\"url\":\"https:\\\/\\\/dixx.com.br\\\/wp-content\\\/uploads\\\/2024\\\/06\\\/cropped-LOGO-DIXX-OLD-e1718293516659.png\",\"contentUrl\":\"https:\\\/\\\/dixx.com.br\\\/wp-content\\\/uploads\\\/2024\\\/06\\\/cropped-LOGO-DIXX-OLD-e1718293516659.png\",\"width\":149,\"height\":56,\"caption\":\"Semijoias Dixx\"}]}<\/script>\n<meta name=\"geo.placename\" content=\"Bras\u00edlia\" \/>\n<meta name=\"geo.position\" content=\"-15.835887640904977;-48.06067428803497\" \/>\n<meta name=\"geo.region\" content=\"Brasil\" \/>\n<!-- \/ Yoast SEO Premium plugin. -->","yoast_head_json":{"title":"Contato - Lojas Dixx","description":"Utilize os campos a baixo para entrar em contato e descrever os detalhes de sua solicita\u00e7\u00e3o, nosa equipe entrar em contato o quanto antes.","robots":{"index":"index","follow":"follow","max-snippet":"max-snippet:-1","max-image-preview":"max-image-preview:large","max-video-preview":"max-video-preview:-1"},"canonical":"https:\/\/dixx.com.br\/index.php\/contato\/","og_locale":"pt_BR","og_type":"article","og_title":"Contato","og_description":"Utilize os campos a baixo para entrar em contato e descrever os detalhes de sua solicita\u00e7\u00e3o, nosa equipe entrar em contato o quanto antes.","og_url":"https:\/\/dixx.com.br\/index.php\/contato\/","og_site_name":"Lojas Dixx","article_publisher":"https:\/\/www.facebook.com\/dixxtaguatinga","article_modified_time":"2021-10-21T01:10:57+00:00","og_image":[{"width":562,"height":252,"url":"https:\/\/dixx.com.br\/wp-content\/uploads\/2024\/05\/semijoias_logo.png","type":"image\/png"}],"twitter_card":"summary_large_image","twitter_misc":{"Est. tempo de leitura":"1 minuto"},"schema":{"@context":"https:\/\/schema.org","@graph":[{"@type":"WebPage","@id":"https:\/\/dixx.com.br\/index.php\/contato\/","url":"https:\/\/dixx.com.br\/index.php\/contato\/","name":"Contato - Lojas Dixx","isPartOf":{"@id":"https:\/\/dixx.com.br\/#website"},"datePublished":"2021-10-20T22:09:12+00:00","dateModified":"2021-10-21T01:10:57+00:00","description":"Utilize os campos a baixo para entrar em contato e descrever os detalhes de sua solicita\u00e7\u00e3o, nosa equipe entrar em contato o quanto antes.","breadcrumb":{"@id":"https:\/\/dixx.com.br\/index.php\/contato\/#breadcrumb"},"inLanguage":"pt-BR","potentialAction":[{"@type":"ReadAction","target":["https:\/\/dixx.com.br\/index.php\/contato\/"]}]},{"@type":"BreadcrumbList","@id":"https:\/\/dixx.com.br\/index.php\/contato\/#breadcrumb","itemListElement":[{"@type":"ListItem","position":1,"name":"In\u00edcio","item":"https:\/\/dixx.com.br\/"},{"@type":"ListItem","position":2,"name":"Contato"}]},{"@type":"WebSite","@id":"https:\/\/dixx.com.br\/#website","url":"https:\/\/dixx.com.br\/","name":"Semijoias Dixx","description":"Descubra uma cole\u00e7\u00e3o exclusiva de semi-joias que combina luxo e acessibilidade. Nossas pe\u00e7as s\u00e3o meticulosamente banhadas a ouro 18k e confeccionadas em prata 925, garantindo durabilidade e beleza. Cada item \u00e9 um testemunho de eleg\u00e2ncia atemporal e sofistica\u00e7\u00e3o, ideal para complementar qualquer estilo, seja moderno ou tradicional. Com compromisso com a qualidade e o artesanato, oferecemos joias que voc\u00ea pode confiar.","publisher":{"@id":"https:\/\/dixx.com.br\/#organization"},"alternateName":"joias Dixx, Prata 925 e Ouro 18k","potentialAction":[{"@type":"SearchAction","target":{"@type":"EntryPoint","urlTemplate":"https:\/\/dixx.com.br\/?s={search_term_string}"},"query-input":{"@type":"PropertyValueSpecification","valueRequired":true,"valueName":"search_term_string"}}],"inLanguage":"pt-BR"},{"@type":["Organization","Place","JewelryStore"],"@id":"https:\/\/dixx.com.br\/#organization","name":"Semijoias Dixx","alternateName":"Joias Dixx","url":"https:\/\/dixx.com.br\/","logo":{"@id":"https:\/\/dixx.com.br\/index.php\/contato\/#local-main-organization-logo"},"image":{"@id":"https:\/\/dixx.com.br\/index.php\/contato\/#local-main-organization-logo"},"sameAs":["https:\/\/www.facebook.com\/dixxtaguatinga","https:\/\/www.instagram.com\/Semijoias_dixx"],"description":"Descubra uma cole\u00e7\u00e3o exclusiva de semi-joias que combina luxo e acessibilidade. Nossas pe\u00e7as s\u00e3o meticulosamente banhadas a ouro 18k e confeccionadas em prata 925, garantindo durabilidade e beleza. Cada item \u00e9 um testemunho de eleg\u00e2ncia atemporal e sofistica\u00e7\u00e3o, ideal para complementar qualquer estilo, seja moderno ou tradicional.","foundingDate":"2006-09-01","numberOfEmployees":{"@type":"QuantitativeValue","minValue":"1","maxValue":"10"},"publishingPrinciples":"https:\/\/dixx.com.br\/index.php\/refund_returns\/","ownershipFundingInfo":"https:\/\/dixx.com.br\/index.php\/contato\/","actionableFeedbackPolicy":"https:\/\/dixx.com.br\/index.php\/contato\/","correctionsPolicy":"https:\/\/dixx.com.br\/index.php\/contato\/","ethicsPolicy":"https:\/\/dixx.com.br\/index.php\/refund_returns\/","address":{"@id":"https:\/\/dixx.com.br\/index.php\/contato\/#local-main-place-address"},"geo":{"@type":"GeoCoordinates","latitude":"-15.835887640904977","longitude":"-48.06067428803497"},"telephone":["61991387437","61981004476"],"contactPoint":{"@type":"ContactPoint","telephone":"61991387437","email":"orlando@dixx.com.br"},"openingHoursSpecification":[{"@type":"OpeningHoursSpecification","dayOfWeek":["Sunday","Monday"],"opens":"00:00","closes":"00:00"},{"@type":"OpeningHoursSpecification","dayOfWeek":["Tuesday","Wednesday","Thursday","Friday","Saturday"],"opens":"09:00","closes":"17:00"}],"email":"contato@dixx.com.br","vatID":"08.346.053\/0001-70","taxID":"041.178.644-08","priceRange":"$$","currenciesAccepted":"Real-BR","paymentAccepted":"Cart\u00e3o de credito, D\u00e9bito, PIX e Dinheiro"},{"@type":"PostalAddress","@id":"https:\/\/dixx.com.br\/index.php\/contato\/#local-main-place-address","streetAddress":"\u00c1rea Especial 7, Feira dos Importados de Taguatinga, loja 117","addressLocality":"Bras\u00edlia","postalCode":"72016-131","addressRegion":"Distrito Federal","addressCountry":"BR"},{"@type":"ImageObject","inLanguage":"pt-BR","@id":"https:\/\/dixx.com.br\/index.php\/contato\/#local-main-organization-logo","url":"https:\/\/dixx.com.br\/wp-content\/uploads\/2024\/06\/cropped-LOGO-DIXX-OLD-e1718293516659.png","contentUrl":"https:\/\/dixx.com.br\/wp-content\/uploads\/2024\/06\/cropped-LOGO-DIXX-OLD-e1718293516659.png","width":149,"height":56,"caption":"Semijoias Dixx"}]},"geo.placename":"Bras\u00edlia","geo.position":{"lat":"-15.835887640904977","long":"-48.06067428803497"},"geo.region":"Brasil"},"coauthors":[],"author_meta":{"author_link":"https:\/\/dixx.com.br\/index.php\/author\/obporlando\/","display_name":"Orlando Passos"},"relative_dates":{"created":"Publicado 5 anos atr\u00e1s","modified":"Atualizado 5 anos atr\u00e1s"},"absolute_dates":{"created":"Publicado em 20 de outubro de 2021","modified":"Atualizado em 20 de outubro de 2021"},"absolute_dates_time":{"created":"Publicado em 20 de outubro de 2021 19:09","modified":"Atualizado em 20 de outubro de 2021 22:10"},"featured_img_caption":"","featured_img":false,"series_order":"","_links":{"self":[{"href":"https:\/\/dixx.com.br\/index.php\/wp-json\/wp\/v2\/pages\/812","targetHints":{"allow":["GET"]}}],"collection":[{"href":"https:\/\/dixx.com.br\/index.php\/wp-json\/wp\/v2\/pages"}],"about":[{"href":"https:\/\/dixx.com.br\/index.php\/wp-json\/wp\/v2\/types\/page"}],"author":[{"embeddable":true,"href":"https:\/\/dixx.com.br\/index.php\/wp-json\/wp\/v2\/users\/1"}],"replies":[{"embeddable":true,"href":"https:\/\/dixx.com.br\/index.php\/wp-json\/wp\/v2\/comments?post=812"}],"version-history":[{"count":8,"href":"https:\/\/dixx.com.br\/index.php\/wp-json\/wp\/v2\/pages\/812\/revisions"}],"predecessor-version":[{"id":878,"href":"https:\/\/dixx.com.br\/index.php\/wp-json\/wp\/v2\/pages\/812\/revisions\/878"}],"wp:attachment":[{"href":"https:\/\/dixx.com.br\/index.php\/wp-json\/wp\/v2\/media?parent=812"}],"curies":[{"name":"wp","href":"https:\/\/api.w.org\/{rel}","templated":true}]}}