{"id":863,"date":"2021-10-20T21:29:49","date_gmt":"2021-10-21T00:29:49","guid":{"rendered":"https:\/\/dixx.com.br\/?page_id=863"},"modified":"2024-06-14T22:15:00","modified_gmt":"2024-06-15T01:15:00","slug":"troca-facil","status":"publish","type":"page","link":"https:\/\/dixx.com.br\/index.php\/troca-facil\/","title":{"rendered":"Troca F\u00e1cil"},"content":{"rendered":"\n<h1 class=\"wp-block-heading has-text-align-center\">Bem-vindo ao Troca F\u00e1cil  das Lojas Dixx!<\/h1>\n\n\n\n<p class=\"has-text-align-center\">Se sua compra foi realizado no site https:\/\/dixx.com.br pegue seu numero de pedido (exemplo: #00000) para que possamos identificar os produtos para ao qual deseja solicitar a troca e\/ou devolu\u00e7\u00e3o.<\/p>\n\n\n\n<p class=\"has-text-align-center\">Ao finalizar sua solicita\u00e7\u00e3o de troca ou devolu\u00e7\u00e3o, receber\u00e1 em at\u00e9 02 (dois) dias \u00fateis as instru\u00e7\u00f5es de como remeter de volta os produto adquirido. Assim que fizermos a recep\u00e7\u00e3o e verifica\u00e7\u00e3o do produto no nosso Centro de Distribui\u00e7\u00e3o em at\u00e9 05 (cinco) dias \u00fateis, voc\u00ea receber\u00e1 instru\u00e7\u00f5es para ser utilizada em nosso site, em caso de devolu\u00e7\u00e3o do pedido conforme o Art. 49 do C\u00f3digo de Defesa do Consumidor,&nbsp;a desist\u00eancia do contrato deve ocorrer no prazo de 7 dias ao contar da data de recebimento do produto ou servi\u00e7o.<\/p>\n\n\n\n<p>Em caso de duvidas consulte a nossa Politica de Trocas e Devolu\u00e7\u00f5es <a href=\"https:\/\/dixx.com.br\/index.php\/politica-de-trocas\/\">(Aqui!)<\/a><\/p>\n\n\n\n<p><\/p>\n\n\n<div class=\"wpforms-container wpforms-container-full wpforms-block wpforms-block-7bc1d2d8-a97f-4572-b4b8-7384060204a0\" id=\"wpforms-864\"><form id=\"wpforms-form-864\" class=\"wpforms-validate wpforms-form wpforms-ajax-form\" data-formid=\"864\" method=\"post\" enctype=\"multipart\/form-data\" action=\"\/index.php\/wp-json\/wp\/v2\/pages\/863\" data-token=\"6b06f94477dceddbcb5f0eba7ac2e2bd\" data-token-time=\"1777313469\"><noscript class=\"wpforms-error-noscript\">Ative o JavaScript no seu navegador para preencher este formul\u00e1rio.<\/noscript><div class=\"wpforms-field-container\"><div id=\"wpforms-864-field_0-container\" class=\"wpforms-field wpforms-field-name\" data-field-id=\"0\"><label class=\"wpforms-field-label\" for=\"wpforms-864-field_0\">Nome: <span class=\"wpforms-required-label\">*<\/span><\/label><input type=\"text\" id=\"wpforms-864-field_0\" class=\"wpforms-field-medium wpforms-field-required\" name=\"wpforms[fields][0]\" required><\/div><div id=\"wpforms-864-field_1-container\" class=\"wpforms-field wpforms-field-email\" data-field-id=\"1\"><label class=\"wpforms-field-label\" for=\"wpforms-864-field_1\">E-mail: <span class=\"wpforms-required-label\">*<\/span><\/label><input type=\"email\" id=\"wpforms-864-field_1\" class=\"wpforms-field-medium wpforms-field-required\" name=\"wpforms[fields][1]\" spellcheck=\"false\" required><\/div><div id=\"wpforms-864-field_4-container\" class=\"wpforms-field wpforms-field-number\" data-field-id=\"4\"><label class=\"wpforms-field-label\" for=\"wpforms-864-field_4\">N\u00famero do Pedido: <span class=\"wpforms-required-label\">*<\/span><\/label><input type=\"number\" id=\"wpforms-864-field_4\" class=\"wpforms-field-medium wpforms-field-required\" name=\"wpforms[fields][4]\" step=\"any\" required><\/div><div id=\"wpforms-864-field_6-container\" class=\"wpforms-field wpforms-field-select wpforms-field-select-style-classic\" data-field-id=\"6\"><label class=\"wpforms-field-label\" for=\"wpforms-864-field_6\">Tipo de Solicita\u00e7\u00e3o: <span class=\"wpforms-required-label\">*<\/span><\/label><select id=\"wpforms-864-field_6\" class=\"wpforms-field-medium wpforms-field-required\" name=\"wpforms[fields][6]\" required=\"required\"><option value=\"Troca\"  selected='selected' class=\"choice-1 depth-1\"  >Troca<\/option><option value=\"Devolu\u00e7\u00e3o\"  class=\"choice-2 depth-1\"  >Devolu\u00e7\u00e3o<\/option><option value=\"Informa\u00e7\u00f5es\"  class=\"choice-4 depth-1\"  >Informa\u00e7\u00f5es<\/option><option value=\"Cancelamento de Compra\"  class=\"choice-3 depth-1\"  >Cancelamento de Compra<\/option><\/select><\/div><div id=\"wpforms-864-field_2-container\" class=\"wpforms-field wpforms-field-textarea\" data-field-id=\"2\"><label class=\"wpforms-field-label\" for=\"wpforms-864-field_2\">Descreva com detalhes a sua solicita\u00e7\u00e3o! <span class=\"wpforms-required-label\">*<\/span><\/label><textarea id=\"wpforms-864-field_2\" class=\"wpforms-field-medium wpforms-field-required\" name=\"wpforms[fields][2]\" required><\/textarea><\/div><\/div><!-- .wpforms-field-container --><div class=\"wpforms-recaptcha-container wpforms-is-recaptcha wpforms-is-recaptcha-type-invisible\" ><div class=\"g-recaptcha\" data-sitekey=\"6Le7cM8oAAAAAAHbpEy0CqbCGhaNu4vjgNgbgsSc\" data-size=\"invisible\"><\/div><\/div><div class=\"wpforms-submit-container\" ><input type=\"hidden\" name=\"wpforms[id]\" value=\"864\"><input type=\"hidden\" name=\"page_title\" value=\"\"><input type=\"hidden\" name=\"page_url\" value=\"https:\/\/dixx.com.br\/index.php\/wp-json\/wp\/v2\/pages\/863\"><input type=\"hidden\" name=\"url_referer\" value=\"\"><button type=\"submit\" name=\"wpforms[submit]\" id=\"wpforms-submit-864\" class=\"wpforms-submit\" data-alt-text=\"Enviando...\" data-submit-text=\"Enviar\" aria-live=\"assertive\" value=\"wpforms-submit\">Enviar<\/button><img decoding=\"async\" src=\"https:\/\/dixx.com.br\/wp-content\/plugins\/wpforms-lite\/assets\/images\/submit-spin.svg\" class=\"wpforms-submit-spinner\" style=\"display: none;\" width=\"26\" height=\"26\" alt=\"Carregando\"><\/div><\/form><\/div>  <!-- .wpforms-container -->","protected":false},"excerpt":{"rendered":"<p>Bem-vindo ao Troca F\u00e1cil das Lojas Dixx! Se sua compra foi realizado no site https:\/\/dixx.com.br pegue seu numero de pedido (exemplo: #00000) para que possamos identificar os produtos para ao qual deseja solicitar a troca e\/ou devolu\u00e7\u00e3o. Ao finalizar sua solicita\u00e7\u00e3o de troca ou devolu\u00e7\u00e3o,&hellip;<\/p>\n","protected":false},"author":1,"featured_media":0,"parent":0,"menu_order":0,"comment_status":"closed","ping_status":"closed","template":"","meta":{"advgb_blocks_editor_width":"","advgb_blocks_columns_visual_guide":"","footnotes":""},"class_list":["post-863","page","type-page","status-publish","hentry"],"yoast_head":"<!-- This site is optimized with the Yoast SEO Premium plugin v22.8 (Yoast SEO v27.4) - https:\/\/yoast.com\/product\/yoast-seo-premium-wordpress\/ -->\n<title>Troca F\u00e1cil - Lojas Dixx<\/title>\n<meta name=\"robots\" content=\"index, follow, max-snippet:-1, max-image-preview:large, max-video-preview:-1\" \/>\n<link rel=\"canonical\" href=\"https:\/\/dixx.com.br\/index.php\/troca-facil\/\" \/>\n<meta property=\"og:locale\" content=\"pt_BR\" \/>\n<meta property=\"og:type\" content=\"article\" \/>\n<meta property=\"og:title\" content=\"Troca F\u00e1cil\" \/>\n<meta property=\"og:description\" content=\"Bem-vindo ao Troca F\u00e1cil das Lojas Dixx! Se sua compra foi realizado no site https:\/\/dixx.com.br pegue seu numero de pedido (exemplo: #00000) para que possamos identificar os produtos para ao qual deseja solicitar a troca e\/ou devolu\u00e7\u00e3o. Ao finalizar sua solicita\u00e7\u00e3o de troca ou devolu\u00e7\u00e3o,&hellip;\" \/>\n<meta property=\"og:url\" content=\"https:\/\/dixx.com.br\/index.php\/troca-facil\/\" \/>\n<meta property=\"og:site_name\" content=\"Lojas Dixx\" \/>\n<meta property=\"article:publisher\" content=\"https:\/\/www.facebook.com\/dixxtaguatinga\" \/>\n<meta property=\"article:modified_time\" content=\"2024-06-15T01:15:00+00:00\" \/>\n<meta property=\"og:image\" content=\"https:\/\/dixx.com.br\/wp-content\/uploads\/2024\/05\/semijoias_logo.png\" \/>\n\t<meta property=\"og:image:width\" content=\"562\" \/>\n\t<meta property=\"og:image:height\" content=\"252\" \/>\n\t<meta property=\"og:image:type\" content=\"image\/png\" \/>\n<meta name=\"twitter:card\" content=\"summary_large_image\" \/>\n<meta name=\"twitter:label1\" content=\"Est. tempo de leitura\" \/>\n\t<meta name=\"twitter:data1\" content=\"1 minuto\" \/>\n<script type=\"application\/ld+json\" class=\"yoast-schema-graph\">{\"@context\":\"https:\\\/\\\/schema.org\",\"@graph\":[{\"@type\":\"WebPage\",\"@id\":\"https:\\\/\\\/dixx.com.br\\\/index.php\\\/troca-facil\\\/\",\"url\":\"https:\\\/\\\/dixx.com.br\\\/index.php\\\/troca-facil\\\/\",\"name\":\"Troca F\u00e1cil - Lojas Dixx\",\"isPartOf\":{\"@id\":\"https:\\\/\\\/dixx.com.br\\\/#website\"},\"datePublished\":\"2021-10-21T00:29:49+00:00\",\"dateModified\":\"2024-06-15T01:15:00+00:00\",\"breadcrumb\":{\"@id\":\"https:\\\/\\\/dixx.com.br\\\/index.php\\\/troca-facil\\\/#breadcrumb\"},\"inLanguage\":\"pt-BR\",\"potentialAction\":[{\"@type\":\"ReadAction\",\"target\":[\"https:\\\/\\\/dixx.com.br\\\/index.php\\\/troca-facil\\\/\"]}]},{\"@type\":\"BreadcrumbList\",\"@id\":\"https:\\\/\\\/dixx.com.br\\\/index.php\\\/troca-facil\\\/#breadcrumb\",\"itemListElement\":[{\"@type\":\"ListItem\",\"position\":1,\"name\":\"In\u00edcio\",\"item\":\"https:\\\/\\\/dixx.com.br\\\/\"},{\"@type\":\"ListItem\",\"position\":2,\"name\":\"Troca F\u00e1cil\"}]},{\"@type\":\"WebSite\",\"@id\":\"https:\\\/\\\/dixx.com.br\\\/#website\",\"url\":\"https:\\\/\\\/dixx.com.br\\\/\",\"name\":\"Semijoias Dixx\",\"description\":\"Descubra uma cole\u00e7\u00e3o exclusiva de semi-joias que combina luxo e acessibilidade. Nossas pe\u00e7as s\u00e3o meticulosamente banhadas a ouro 18k e confeccionadas em prata 925, garantindo durabilidade e beleza. Cada item \u00e9 um testemunho de eleg\u00e2ncia atemporal e sofistica\u00e7\u00e3o, ideal para complementar qualquer estilo, seja moderno ou tradicional. Com compromisso com a qualidade e o artesanato, oferecemos joias que voc\u00ea pode confiar.\",\"publisher\":{\"@id\":\"https:\\\/\\\/dixx.com.br\\\/#organization\"},\"alternateName\":\"joias Dixx, Prata 925 e Ouro 18k\",\"potentialAction\":[{\"@type\":\"SearchAction\",\"target\":{\"@type\":\"EntryPoint\",\"urlTemplate\":\"https:\\\/\\\/dixx.com.br\\\/?s={search_term_string}\"},\"query-input\":{\"@type\":\"PropertyValueSpecification\",\"valueRequired\":true,\"valueName\":\"search_term_string\"}}],\"inLanguage\":\"pt-BR\"},{\"@type\":[\"Organization\",\"Place\",\"JewelryStore\"],\"@id\":\"https:\\\/\\\/dixx.com.br\\\/#organization\",\"name\":\"Semijoias Dixx\",\"alternateName\":\"Joias Dixx\",\"url\":\"https:\\\/\\\/dixx.com.br\\\/\",\"logo\":{\"@id\":\"https:\\\/\\\/dixx.com.br\\\/index.php\\\/troca-facil\\\/#local-main-organization-logo\"},\"image\":{\"@id\":\"https:\\\/\\\/dixx.com.br\\\/index.php\\\/troca-facil\\\/#local-main-organization-logo\"},\"sameAs\":[\"https:\\\/\\\/www.facebook.com\\\/dixxtaguatinga\",\"https:\\\/\\\/www.instagram.com\\\/Semijoias_dixx\"],\"description\":\"Descubra uma cole\u00e7\u00e3o exclusiva de semi-joias que combina luxo e acessibilidade. Nossas pe\u00e7as s\u00e3o meticulosamente banhadas a ouro 18k e confeccionadas em prata 925, garantindo durabilidade e beleza. Cada item \u00e9 um testemunho de eleg\u00e2ncia atemporal e sofistica\u00e7\u00e3o, ideal para complementar qualquer estilo, seja moderno ou tradicional.\",\"foundingDate\":\"2006-09-01\",\"numberOfEmployees\":{\"@type\":\"QuantitativeValue\",\"minValue\":\"1\",\"maxValue\":\"10\"},\"publishingPrinciples\":\"https:\\\/\\\/dixx.com.br\\\/index.php\\\/refund_returns\\\/\",\"ownershipFundingInfo\":\"https:\\\/\\\/dixx.com.br\\\/index.php\\\/contato\\\/\",\"actionableFeedbackPolicy\":\"https:\\\/\\\/dixx.com.br\\\/index.php\\\/contato\\\/\",\"correctionsPolicy\":\"https:\\\/\\\/dixx.com.br\\\/index.php\\\/contato\\\/\",\"ethicsPolicy\":\"https:\\\/\\\/dixx.com.br\\\/index.php\\\/refund_returns\\\/\",\"address\":{\"@id\":\"https:\\\/\\\/dixx.com.br\\\/index.php\\\/troca-facil\\\/#local-main-place-address\"},\"geo\":{\"@type\":\"GeoCoordinates\",\"latitude\":\"-15.835887640904977\",\"longitude\":\"-48.06067428803497\"},\"telephone\":[\"61991387437\",\"61981004476\"],\"contactPoint\":{\"@type\":\"ContactPoint\",\"telephone\":\"61991387437\",\"email\":\"orlando@dixx.com.br\"},\"openingHoursSpecification\":[{\"@type\":\"OpeningHoursSpecification\",\"dayOfWeek\":[\"Sunday\",\"Monday\"],\"opens\":\"00:00\",\"closes\":\"00:00\"},{\"@type\":\"OpeningHoursSpecification\",\"dayOfWeek\":[\"Tuesday\",\"Wednesday\",\"Thursday\",\"Friday\",\"Saturday\"],\"opens\":\"09:00\",\"closes\":\"17:00\"}],\"email\":\"contato@dixx.com.br\",\"vatID\":\"08.346.053\\\/0001-70\",\"taxID\":\"041.178.644-08\",\"priceRange\":\"$$\",\"currenciesAccepted\":\"Real-BR\",\"paymentAccepted\":\"Cart\u00e3o de credito, D\u00e9bito, PIX e Dinheiro\"},{\"@type\":\"PostalAddress\",\"@id\":\"https:\\\/\\\/dixx.com.br\\\/index.php\\\/troca-facil\\\/#local-main-place-address\",\"streetAddress\":\"\u00c1rea Especial 7, Feira dos Importados de Taguatinga, loja 117\",\"addressLocality\":\"Bras\u00edlia\",\"postalCode\":\"72016-131\",\"addressRegion\":\"Distrito Federal\",\"addressCountry\":\"BR\"},{\"@type\":\"ImageObject\",\"inLanguage\":\"pt-BR\",\"@id\":\"https:\\\/\\\/dixx.com.br\\\/index.php\\\/troca-facil\\\/#local-main-organization-logo\",\"url\":\"https:\\\/\\\/dixx.com.br\\\/wp-content\\\/uploads\\\/2024\\\/06\\\/cropped-LOGO-DIXX-OLD-e1718293516659.png\",\"contentUrl\":\"https:\\\/\\\/dixx.com.br\\\/wp-content\\\/uploads\\\/2024\\\/06\\\/cropped-LOGO-DIXX-OLD-e1718293516659.png\",\"width\":149,\"height\":56,\"caption\":\"Semijoias Dixx\"}]}<\/script>\n<meta name=\"geo.placename\" content=\"Bras\u00edlia\" \/>\n<meta name=\"geo.position\" content=\"-15.835887640904977;-48.06067428803497\" \/>\n<meta name=\"geo.region\" content=\"Brasil\" \/>\n<!-- \/ Yoast SEO Premium plugin. -->","yoast_head_json":{"title":"Troca F\u00e1cil - Lojas Dixx","robots":{"index":"index","follow":"follow","max-snippet":"max-snippet:-1","max-image-preview":"max-image-preview:large","max-video-preview":"max-video-preview:-1"},"canonical":"https:\/\/dixx.com.br\/index.php\/troca-facil\/","og_locale":"pt_BR","og_type":"article","og_title":"Troca F\u00e1cil","og_description":"Bem-vindo ao Troca F\u00e1cil das Lojas Dixx! Se sua compra foi realizado no site https:\/\/dixx.com.br pegue seu numero de pedido (exemplo: #00000) para que possamos identificar os produtos para ao qual deseja solicitar a troca e\/ou devolu\u00e7\u00e3o. Ao finalizar sua solicita\u00e7\u00e3o de troca ou devolu\u00e7\u00e3o,&hellip;","og_url":"https:\/\/dixx.com.br\/index.php\/troca-facil\/","og_site_name":"Lojas Dixx","article_publisher":"https:\/\/www.facebook.com\/dixxtaguatinga","article_modified_time":"2024-06-15T01:15:00+00:00","og_image":[{"width":562,"height":252,"url":"https:\/\/dixx.com.br\/wp-content\/uploads\/2024\/05\/semijoias_logo.png","type":"image\/png"}],"twitter_card":"summary_large_image","twitter_misc":{"Est. tempo de leitura":"1 minuto"},"schema":{"@context":"https:\/\/schema.org","@graph":[{"@type":"WebPage","@id":"https:\/\/dixx.com.br\/index.php\/troca-facil\/","url":"https:\/\/dixx.com.br\/index.php\/troca-facil\/","name":"Troca F\u00e1cil - Lojas Dixx","isPartOf":{"@id":"https:\/\/dixx.com.br\/#website"},"datePublished":"2021-10-21T00:29:49+00:00","dateModified":"2024-06-15T01:15:00+00:00","breadcrumb":{"@id":"https:\/\/dixx.com.br\/index.php\/troca-facil\/#breadcrumb"},"inLanguage":"pt-BR","potentialAction":[{"@type":"ReadAction","target":["https:\/\/dixx.com.br\/index.php\/troca-facil\/"]}]},{"@type":"BreadcrumbList","@id":"https:\/\/dixx.com.br\/index.php\/troca-facil\/#breadcrumb","itemListElement":[{"@type":"ListItem","position":1,"name":"In\u00edcio","item":"https:\/\/dixx.com.br\/"},{"@type":"ListItem","position":2,"name":"Troca F\u00e1cil"}]},{"@type":"WebSite","@id":"https:\/\/dixx.com.br\/#website","url":"https:\/\/dixx.com.br\/","name":"Semijoias Dixx","description":"Descubra uma cole\u00e7\u00e3o exclusiva de semi-joias que combina luxo e acessibilidade. Nossas pe\u00e7as s\u00e3o meticulosamente banhadas a ouro 18k e confeccionadas em prata 925, garantindo durabilidade e beleza. Cada item \u00e9 um testemunho de eleg\u00e2ncia atemporal e sofistica\u00e7\u00e3o, ideal para complementar qualquer estilo, seja moderno ou tradicional. Com compromisso com a qualidade e o artesanato, oferecemos joias que voc\u00ea pode confiar.","publisher":{"@id":"https:\/\/dixx.com.br\/#organization"},"alternateName":"joias Dixx, Prata 925 e Ouro 18k","potentialAction":[{"@type":"SearchAction","target":{"@type":"EntryPoint","urlTemplate":"https:\/\/dixx.com.br\/?s={search_term_string}"},"query-input":{"@type":"PropertyValueSpecification","valueRequired":true,"valueName":"search_term_string"}}],"inLanguage":"pt-BR"},{"@type":["Organization","Place","JewelryStore"],"@id":"https:\/\/dixx.com.br\/#organization","name":"Semijoias Dixx","alternateName":"Joias Dixx","url":"https:\/\/dixx.com.br\/","logo":{"@id":"https:\/\/dixx.com.br\/index.php\/troca-facil\/#local-main-organization-logo"},"image":{"@id":"https:\/\/dixx.com.br\/index.php\/troca-facil\/#local-main-organization-logo"},"sameAs":["https:\/\/www.facebook.com\/dixxtaguatinga","https:\/\/www.instagram.com\/Semijoias_dixx"],"description":"Descubra uma cole\u00e7\u00e3o exclusiva de semi-joias que combina luxo e acessibilidade. Nossas pe\u00e7as s\u00e3o meticulosamente banhadas a ouro 18k e confeccionadas em prata 925, garantindo durabilidade e beleza. Cada item \u00e9 um testemunho de eleg\u00e2ncia atemporal e sofistica\u00e7\u00e3o, ideal para complementar qualquer estilo, seja moderno ou tradicional.","foundingDate":"2006-09-01","numberOfEmployees":{"@type":"QuantitativeValue","minValue":"1","maxValue":"10"},"publishingPrinciples":"https:\/\/dixx.com.br\/index.php\/refund_returns\/","ownershipFundingInfo":"https:\/\/dixx.com.br\/index.php\/contato\/","actionableFeedbackPolicy":"https:\/\/dixx.com.br\/index.php\/contato\/","correctionsPolicy":"https:\/\/dixx.com.br\/index.php\/contato\/","ethicsPolicy":"https:\/\/dixx.com.br\/index.php\/refund_returns\/","address":{"@id":"https:\/\/dixx.com.br\/index.php\/troca-facil\/#local-main-place-address"},"geo":{"@type":"GeoCoordinates","latitude":"-15.835887640904977","longitude":"-48.06067428803497"},"telephone":["61991387437","61981004476"],"contactPoint":{"@type":"ContactPoint","telephone":"61991387437","email":"orlando@dixx.com.br"},"openingHoursSpecification":[{"@type":"OpeningHoursSpecification","dayOfWeek":["Sunday","Monday"],"opens":"00:00","closes":"00:00"},{"@type":"OpeningHoursSpecification","dayOfWeek":["Tuesday","Wednesday","Thursday","Friday","Saturday"],"opens":"09:00","closes":"17:00"}],"email":"contato@dixx.com.br","vatID":"08.346.053\/0001-70","taxID":"041.178.644-08","priceRange":"$$","currenciesAccepted":"Real-BR","paymentAccepted":"Cart\u00e3o de credito, D\u00e9bito, PIX e Dinheiro"},{"@type":"PostalAddress","@id":"https:\/\/dixx.com.br\/index.php\/troca-facil\/#local-main-place-address","streetAddress":"\u00c1rea Especial 7, Feira dos Importados de Taguatinga, loja 117","addressLocality":"Bras\u00edlia","postalCode":"72016-131","addressRegion":"Distrito Federal","addressCountry":"BR"},{"@type":"ImageObject","inLanguage":"pt-BR","@id":"https:\/\/dixx.com.br\/index.php\/troca-facil\/#local-main-organization-logo","url":"https:\/\/dixx.com.br\/wp-content\/uploads\/2024\/06\/cropped-LOGO-DIXX-OLD-e1718293516659.png","contentUrl":"https:\/\/dixx.com.br\/wp-content\/uploads\/2024\/06\/cropped-LOGO-DIXX-OLD-e1718293516659.png","width":149,"height":56,"caption":"Semijoias Dixx"}]},"geo.placename":"Bras\u00edlia","geo.position":{"lat":"-15.835887640904977","long":"-48.06067428803497"},"geo.region":"Brasil"},"coauthors":[],"author_meta":{"author_link":"https:\/\/dixx.com.br\/index.php\/author\/obporlando\/","display_name":"Orlando Passos"},"relative_dates":{"created":"Publicado 5 anos atr\u00e1s","modified":"Atualizado 2 anos atr\u00e1s"},"absolute_dates":{"created":"Publicado em 20 de outubro de 2021","modified":"Atualizado em 14 de junho de 2024"},"absolute_dates_time":{"created":"Publicado em 20 de outubro de 2021 21:29","modified":"Atualizado em 14 de junho de 2024 22:15"},"featured_img_caption":"","featured_img":false,"series_order":"","_links":{"self":[{"href":"https:\/\/dixx.com.br\/index.php\/wp-json\/wp\/v2\/pages\/863","targetHints":{"allow":["GET"]}}],"collection":[{"href":"https:\/\/dixx.com.br\/index.php\/wp-json\/wp\/v2\/pages"}],"about":[{"href":"https:\/\/dixx.com.br\/index.php\/wp-json\/wp\/v2\/types\/page"}],"author":[{"embeddable":true,"href":"https:\/\/dixx.com.br\/index.php\/wp-json\/wp\/v2\/users\/1"}],"replies":[{"embeddable":true,"href":"https:\/\/dixx.com.br\/index.php\/wp-json\/wp\/v2\/comments?post=863"}],"version-history":[{"count":6,"href":"https:\/\/dixx.com.br\/index.php\/wp-json\/wp\/v2\/pages\/863\/revisions"}],"predecessor-version":[{"id":6451,"href":"https:\/\/dixx.com.br\/index.php\/wp-json\/wp\/v2\/pages\/863\/revisions\/6451"}],"wp:attachment":[{"href":"https:\/\/dixx.com.br\/index.php\/wp-json\/wp\/v2\/media?parent=863"}],"curies":[{"name":"wp","href":"https:\/\/api.w.org\/{rel}","templated":true}]}}