{"id":26531,"date":"2025-11-07T14:58:40","date_gmt":"2025-11-07T17:58:40","guid":{"rendered":"https:\/\/dixx.com.br\/?post_type=product&#038;p=26531"},"modified":"2025-12-05T22:42:45","modified_gmt":"2025-12-06T01:42:45","slug":"armacao-para-oculos-par-de-lentes-filtro-azul","status":"publish","type":"product","link":"https:\/\/dixx.com.br\/index.php\/product\/armacao-para-oculos-par-de-lentes-filtro-azul\/","title":{"rendered":"Arma\u00e7\u00e3o para \u00d3culos + Par de Lentes Filtro Azul"},"content":{"rendered":"<h2>Encontre o \u00f3culos perfeito para o seu estilo<\/h2>\n<p>Transforme sua experi\u00eancia visual com nossa oferta exclusiva: escolha o modelo de arma\u00e7\u00e3o que combina com sua personalidade e leve para casa um par de lentes com filtro azul. Ideal para quem busca conforto, prote\u00e7\u00e3o e design personalizado, este produto \u00e9 perfeito para qualquer ocasi\u00e3o.<\/p>\n<h2>Prote\u00e7\u00e3o e desempenho com lentes de filtro azul<\/h2>\n<p>As lentes que acompanham o produto s\u00e3o especialmente desenvolvidas com filtro azul para reduzir o cansa\u00e7o ocular causado pela exposi\u00e7\u00e3o prolongada a telas digitais. Com a tecnologia de lentes 1.56, elas s\u00e3o esf\u00e9ricas, com gradua\u00e7\u00e3o de +4,00 at\u00e9 -6,00 e valores cil\u00edndricos de -0,25 a -4,00. Isso garante uma vis\u00e3o mais n\u00edtida e menos desconfortos ao longo do dia.<\/p>\n<h2>Inclui acess\u00f3rios exclusivos<\/h2>\n<p>Al\u00e9m das lentes e arma\u00e7\u00e3o, completamos a experi\u00eancia com uma capinha protetora e uma flanela macia para limpeza, mantendo seus \u00f3culos sempre protegidos e impec\u00e1veis. Nossa montagem cuidadosa garante que cada pe\u00e7a seja ajustada com precis\u00e3o para proporcionar o m\u00e1ximo de qualidade e conforto.<\/p>\n<h2>Personalize e proteja sua vis\u00e3o<\/h2>\n<p>Escolher um \u00f3culos n\u00e3o \u00e9 apenas sobre estilo; \u00e9 tamb\u00e9m sobre cuidar da sa\u00fade dos seus olhos. Com nosso produto, voc\u00ea adquire arma\u00e7\u00e3o \u00e0 sua escolha e a combina\u00e7\u00e3o ideal com lentes tecnol\u00f3gicas, garantindo prote\u00e7\u00e3o contra luz azul e conforto visual. N\u00e3o espere mais para ter o acess\u00f3rio que une design e funcionalidade!<\/p>\n","protected":false},"excerpt":{"rendered":"<p>Encontre o \u00f3culos perfeito para o seu estilo Transforme sua experi\u00eancia visual com nossa oferta exclusiva: escolha o modelo de arma\u00e7\u00e3o que combina com sua personalidade e leve para casa um par de lentes com filtro azul. Ideal para quem busca conforto, prote\u00e7\u00e3o e design&hellip;<\/p>\n","protected":false},"author":1,"featured_media":26532,"comment_status":"open","ping_status":"closed","template":"","meta":{"advgb_blocks_editor_width":"","advgb_blocks_columns_visual_guide":""},"product_brand":[2843],"product_cat":[2839,2840,2841],"product_tag":[271,2844,2845],"class_list":{"0":"post-26531","1":"product","2":"type-product","3":"status-publish","4":"has-post-thumbnail","6":"product_brand-haytek","7":"product_cat-armacoes","8":"product_cat-armacoes_m","9":"product_cat-lentyes","10":"product_tag-armacao","11":"product_tag-filtro-azul","12":"product_tag-lentes","14":"first","15":"instock","16":"sale","17":"taxable","18":"shipping-taxable","19":"purchasable","20":"product-type-simple","21":"add-to-wishlist-before_image"},"yoast_head":"<!-- This site is optimized with the Yoast SEO Premium plugin v22.8 (Yoast SEO v27.4) - https:\/\/yoast.com\/product\/yoast-seo-premium-wordpress\/ -->\n<title>Arma\u00e7\u00e3o para \u00d3culos + Par de Lentes Filtro Azul - Lojas Dixx<\/title>\n<meta name=\"description\" content=\"As lentes que acompanham o produto s\u00e3o especialmente desenvolvidas com filtro azul para reduzir o cansa\u00e7o ocular causado pela exposi\u00e7\u00e3o prolongada a telas digitais. Com a tecnologia de lentes 1.56, elas s\u00e3o esf\u00e9ricas, com gradua\u00e7\u00e3o de +4,00 at\u00e9 -6,00 e valores cil\u00edndricos de -0,25 a -4,00. Isso garante uma vis\u00e3o mais n\u00edtida e menos desconfortos ao longo do dia.\" \/>\n<meta name=\"robots\" content=\"index, follow, max-snippet:-1, max-image-preview:large, max-video-preview:-1\" \/>\n<link rel=\"canonical\" href=\"https:\/\/dixx.com.br\/index.php\/product\/armacao-para-oculos-par-de-lentes-filtro-azul\/\" \/>\n<meta property=\"og:locale\" content=\"pt_BR\" \/>\n<meta property=\"og:type\" content=\"article\" \/>\n<meta property=\"og:title\" content=\"Arma\u00e7\u00e3o para \u00d3culos + Par de Lentes Filtro Azul\" \/>\n<meta property=\"og:description\" content=\"As lentes que acompanham o produto s\u00e3o especialmente desenvolvidas com filtro azul para reduzir o cansa\u00e7o ocular causado pela exposi\u00e7\u00e3o prolongada a telas digitais. Com a tecnologia de lentes 1.56, elas s\u00e3o esf\u00e9ricas, com gradua\u00e7\u00e3o de +4,00 at\u00e9 -6,00 e valores cil\u00edndricos de -0,25 a -4,00. Isso garante uma vis\u00e3o mais n\u00edtida e menos desconfortos ao longo do dia.\" \/>\n<meta property=\"og:url\" content=\"https:\/\/dixx.com.br\/index.php\/product\/armacao-para-oculos-par-de-lentes-filtro-azul\/\" \/>\n<meta property=\"og:site_name\" content=\"Lojas Dixx\" \/>\n<meta property=\"article:publisher\" content=\"https:\/\/www.facebook.com\/dixxtaguatinga\" \/>\n<meta property=\"article:modified_time\" content=\"2025-12-06T01:42:45+00:00\" \/>\n<meta property=\"og:image\" content=\"https:\/\/dixx.com.br\/wp-content\/uploads\/2025\/11\/lente_com_luz_azul_protege_os_olhos_1.jpg\" \/>\n\t<meta property=\"og:image:width\" content=\"1920\" \/>\n\t<meta property=\"og:image:height\" content=\"1080\" \/>\n\t<meta property=\"og:image:type\" content=\"image\/jpeg\" \/>\n<meta name=\"twitter:card\" content=\"summary_large_image\" \/>\n<meta name=\"twitter:label1\" content=\"Pre\u00e7o\" \/>\n\t<meta name=\"twitter:data1\" content=\"&#082;&#036;&nbsp;199,99\" \/>\n\t<meta name=\"twitter:label2\" content=\"Disponibilidade\" \/>\n\t<meta name=\"twitter:data2\" content=\"Em Estoque\" \/>\n<script type=\"application\/ld+json\" class=\"yoast-schema-graph\">{\"@context\":\"https:\\\/\\\/schema.org\",\"@graph\":[{\"@type\":\"WebPage\",\"@id\":\"https:\\\/\\\/dixx.com.br\\\/index.php\\\/product\\\/armacao-para-oculos-par-de-lentes-filtro-azul\\\/\",\"url\":\"https:\\\/\\\/dixx.com.br\\\/index.php\\\/product\\\/armacao-para-oculos-par-de-lentes-filtro-azul\\\/\",\"name\":\"Arma\u00e7\u00e3o para \u00d3culos + Par de Lentes Filtro Azul - Lojas Dixx\",\"isPartOf\":{\"@id\":\"https:\\\/\\\/dixx.com.br\\\/#website\"},\"primaryImageOfPage\":{\"@id\":\"https:\\\/\\\/dixx.com.br\\\/index.php\\\/product\\\/armacao-para-oculos-par-de-lentes-filtro-azul\\\/#primaryimage\"},\"image\":{\"@id\":\"https:\\\/\\\/dixx.com.br\\\/index.php\\\/product\\\/armacao-para-oculos-par-de-lentes-filtro-azul\\\/#primaryimage\"},\"thumbnailUrl\":\"https:\\\/\\\/dixx.com.br\\\/wp-content\\\/uploads\\\/2025\\\/11\\\/lente_com_luz_azul_protege_os_olhos_1.jpg\",\"datePublished\":\"2025-11-07T17:58:40+00:00\",\"dateModified\":\"2025-12-06T01:42:45+00:00\",\"description\":\"As lentes que acompanham o produto s\u00e3o especialmente desenvolvidas com filtro azul para reduzir o cansa\u00e7o ocular causado pela exposi\u00e7\u00e3o prolongada a telas digitais. Com a tecnologia de lentes 1.56, elas s\u00e3o esf\u00e9ricas, com gradua\u00e7\u00e3o de +4,00 at\u00e9 -6,00 e valores cil\u00edndricos de -0,25 a -4,00. Isso garante uma vis\u00e3o mais n\u00edtida e menos desconfortos ao longo do dia.\",\"breadcrumb\":{\"@id\":\"https:\\\/\\\/dixx.com.br\\\/index.php\\\/product\\\/armacao-para-oculos-par-de-lentes-filtro-azul\\\/#breadcrumb\"},\"inLanguage\":\"pt-BR\",\"potentialAction\":[{\"@type\":\"ReadAction\",\"target\":[\"https:\\\/\\\/dixx.com.br\\\/index.php\\\/product\\\/armacao-para-oculos-par-de-lentes-filtro-azul\\\/\"]}]},{\"@type\":\"ImageObject\",\"inLanguage\":\"pt-BR\",\"@id\":\"https:\\\/\\\/dixx.com.br\\\/index.php\\\/product\\\/armacao-para-oculos-par-de-lentes-filtro-azul\\\/#primaryimage\",\"url\":\"https:\\\/\\\/dixx.com.br\\\/wp-content\\\/uploads\\\/2025\\\/11\\\/lente_com_luz_azul_protege_os_olhos_1.jpg\",\"contentUrl\":\"https:\\\/\\\/dixx.com.br\\\/wp-content\\\/uploads\\\/2025\\\/11\\\/lente_com_luz_azul_protege_os_olhos_1.jpg\",\"width\":1920,\"height\":1080},{\"@type\":\"BreadcrumbList\",\"@id\":\"https:\\\/\\\/dixx.com.br\\\/index.php\\\/product\\\/armacao-para-oculos-par-de-lentes-filtro-azul\\\/#breadcrumb\",\"itemListElement\":[{\"@type\":\"ListItem\",\"position\":1,\"name\":\"In\u00edcio\",\"item\":\"https:\\\/\\\/dixx.com.br\\\/\"},{\"@type\":\"ListItem\",\"position\":2,\"name\":\"Dixx\",\"item\":\"https:\\\/\\\/dixx.com.br\\\/index.php\\\/shop\\\/\"},{\"@type\":\"ListItem\",\"position\":3,\"name\":\"Arma\u00e7\u00e3o para \u00d3culos + Par de Lentes Filtro Azul\"}]},{\"@type\":\"WebSite\",\"@id\":\"https:\\\/\\\/dixx.com.br\\\/#website\",\"url\":\"https:\\\/\\\/dixx.com.br\\\/\",\"name\":\"Semijoias Dixx\",\"description\":\"Descubra uma cole\u00e7\u00e3o exclusiva de semi-joias que combina luxo e acessibilidade. Nossas pe\u00e7as s\u00e3o meticulosamente banhadas a ouro 18k e confeccionadas em prata 925, garantindo durabilidade e beleza. Cada item \u00e9 um testemunho de eleg\u00e2ncia atemporal e sofistica\u00e7\u00e3o, ideal para complementar qualquer estilo, seja moderno ou tradicional. Com compromisso com a qualidade e o artesanato, oferecemos joias que voc\u00ea pode confiar.\",\"publisher\":{\"@id\":\"https:\\\/\\\/dixx.com.br\\\/#organization\"},\"alternateName\":\"joias Dixx, Prata 925 e Ouro 18k\",\"potentialAction\":[{\"@type\":\"SearchAction\",\"target\":{\"@type\":\"EntryPoint\",\"urlTemplate\":\"https:\\\/\\\/dixx.com.br\\\/?s={search_term_string}\"},\"query-input\":{\"@type\":\"PropertyValueSpecification\",\"valueRequired\":true,\"valueName\":\"search_term_string\"}}],\"inLanguage\":\"pt-BR\"},{\"@type\":[\"Organization\",\"Place\",\"JewelryStore\"],\"@id\":\"https:\\\/\\\/dixx.com.br\\\/#organization\",\"name\":\"Semijoias Dixx\",\"alternateName\":\"Joias Dixx\",\"url\":\"https:\\\/\\\/dixx.com.br\\\/\",\"logo\":{\"@id\":\"https:\\\/\\\/dixx.com.br\\\/index.php\\\/product\\\/armacao-para-oculos-par-de-lentes-filtro-azul\\\/#local-main-organization-logo\"},\"image\":{\"@id\":\"https:\\\/\\\/dixx.com.br\\\/index.php\\\/product\\\/armacao-para-oculos-par-de-lentes-filtro-azul\\\/#local-main-organization-logo\"},\"sameAs\":[\"https:\\\/\\\/www.facebook.com\\\/dixxtaguatinga\",\"https:\\\/\\\/www.instagram.com\\\/Semijoias_dixx\"],\"description\":\"Descubra uma cole\u00e7\u00e3o exclusiva de semi-joias que combina luxo e acessibilidade. Nossas pe\u00e7as s\u00e3o meticulosamente banhadas a ouro 18k e confeccionadas em prata 925, garantindo durabilidade e beleza. Cada item \u00e9 um testemunho de eleg\u00e2ncia atemporal e sofistica\u00e7\u00e3o, ideal para complementar qualquer estilo, seja moderno ou tradicional.\",\"foundingDate\":\"2006-09-01\",\"numberOfEmployees\":{\"@type\":\"QuantitativeValue\",\"minValue\":\"1\",\"maxValue\":\"10\"},\"publishingPrinciples\":\"https:\\\/\\\/dixx.com.br\\\/index.php\\\/refund_returns\\\/\",\"ownershipFundingInfo\":\"https:\\\/\\\/dixx.com.br\\\/index.php\\\/contato\\\/\",\"actionableFeedbackPolicy\":\"https:\\\/\\\/dixx.com.br\\\/index.php\\\/contato\\\/\",\"correctionsPolicy\":\"https:\\\/\\\/dixx.com.br\\\/index.php\\\/contato\\\/\",\"ethicsPolicy\":\"https:\\\/\\\/dixx.com.br\\\/index.php\\\/refund_returns\\\/\",\"address\":{\"@id\":\"https:\\\/\\\/dixx.com.br\\\/index.php\\\/product\\\/armacao-para-oculos-par-de-lentes-filtro-azul\\\/#local-main-place-address\"},\"geo\":{\"@type\":\"GeoCoordinates\",\"latitude\":\"-15.835887640904977\",\"longitude\":\"-48.06067428803497\"},\"telephone\":[\"61991387437\",\"61981004476\"],\"contactPoint\":{\"@type\":\"ContactPoint\",\"telephone\":\"61991387437\",\"email\":\"orlando@dixx.com.br\"},\"openingHoursSpecification\":[{\"@type\":\"OpeningHoursSpecification\",\"dayOfWeek\":[\"Sunday\",\"Monday\"],\"opens\":\"00:00\",\"closes\":\"00:00\"},{\"@type\":\"OpeningHoursSpecification\",\"dayOfWeek\":[\"Tuesday\",\"Wednesday\",\"Thursday\",\"Friday\",\"Saturday\"],\"opens\":\"09:00\",\"closes\":\"17:00\"}],\"email\":\"contato@dixx.com.br\",\"vatID\":\"08.346.053\\\/0001-70\",\"taxID\":\"041.178.644-08\",\"priceRange\":\"$$\",\"currenciesAccepted\":\"Real-BR\",\"paymentAccepted\":\"Cart\u00e3o de credito, D\u00e9bito, PIX e Dinheiro\"},{\"@type\":\"PostalAddress\",\"@id\":\"https:\\\/\\\/dixx.com.br\\\/index.php\\\/product\\\/armacao-para-oculos-par-de-lentes-filtro-azul\\\/#local-main-place-address\",\"streetAddress\":\"\u00c1rea Especial 7, Feira dos Importados de Taguatinga, loja 117\",\"addressLocality\":\"Bras\u00edlia\",\"postalCode\":\"72016-131\",\"addressRegion\":\"Distrito Federal\",\"addressCountry\":\"BR\"},{\"@type\":\"ImageObject\",\"inLanguage\":\"pt-BR\",\"@id\":\"https:\\\/\\\/dixx.com.br\\\/index.php\\\/product\\\/armacao-para-oculos-par-de-lentes-filtro-azul\\\/#local-main-organization-logo\",\"url\":\"https:\\\/\\\/dixx.com.br\\\/wp-content\\\/uploads\\\/2024\\\/06\\\/cropped-LOGO-DIXX-OLD-e1718293516659.png\",\"contentUrl\":\"https:\\\/\\\/dixx.com.br\\\/wp-content\\\/uploads\\\/2024\\\/06\\\/cropped-LOGO-DIXX-OLD-e1718293516659.png\",\"width\":149,\"height\":56,\"caption\":\"Semijoias Dixx\"}]}<\/script>\n<meta property=\"product:price:amount\" content=\"199.99\" \/>\n<meta property=\"product:price:currency\" content=\"BRL\" \/>\n<meta property=\"og:availability\" content=\"instock\" \/>\n<meta property=\"product:availability\" content=\"instock\" \/>\n<meta property=\"product:condition\" content=\"new\" \/>\n<meta name=\"geo.placename\" content=\"Bras\u00edlia\" \/>\n<meta name=\"geo.position\" content=\"-15.835887640904977;-48.06067428803497\" \/>\n<meta name=\"geo.region\" content=\"Brasil\" \/>\n<!-- \/ Yoast SEO Premium plugin. -->","yoast_head_json":{"title":"Arma\u00e7\u00e3o para \u00d3culos + Par de Lentes Filtro Azul - Lojas Dixx","description":"As lentes que acompanham o produto s\u00e3o especialmente desenvolvidas com filtro azul para reduzir o cansa\u00e7o ocular causado pela exposi\u00e7\u00e3o prolongada a telas digitais. Com a tecnologia de lentes 1.56, elas s\u00e3o esf\u00e9ricas, com gradua\u00e7\u00e3o de +4,00 at\u00e9 -6,00 e valores cil\u00edndricos de -0,25 a -4,00. Isso garante uma vis\u00e3o mais n\u00edtida e menos desconfortos ao longo do dia.","robots":{"index":"index","follow":"follow","max-snippet":"max-snippet:-1","max-image-preview":"max-image-preview:large","max-video-preview":"max-video-preview:-1"},"canonical":"https:\/\/dixx.com.br\/index.php\/product\/armacao-para-oculos-par-de-lentes-filtro-azul\/","og_locale":"pt_BR","og_type":"article","og_title":"Arma\u00e7\u00e3o para \u00d3culos + Par de Lentes Filtro Azul","og_description":"As lentes que acompanham o produto s\u00e3o especialmente desenvolvidas com filtro azul para reduzir o cansa\u00e7o ocular causado pela exposi\u00e7\u00e3o prolongada a telas digitais. Com a tecnologia de lentes 1.56, elas s\u00e3o esf\u00e9ricas, com gradua\u00e7\u00e3o de +4,00 at\u00e9 -6,00 e valores cil\u00edndricos de -0,25 a -4,00. Isso garante uma vis\u00e3o mais n\u00edtida e menos desconfortos ao longo do dia.","og_url":"https:\/\/dixx.com.br\/index.php\/product\/armacao-para-oculos-par-de-lentes-filtro-azul\/","og_site_name":"Lojas Dixx","article_publisher":"https:\/\/www.facebook.com\/dixxtaguatinga","article_modified_time":"2025-12-06T01:42:45+00:00","og_image":[{"width":1920,"height":1080,"url":"https:\/\/dixx.com.br\/wp-content\/uploads\/2025\/11\/lente_com_luz_azul_protege_os_olhos_1.jpg","type":"image\/jpeg"}],"twitter_card":"summary_large_image","twitter_misc":{"Pre\u00e7o":"&#82;&#36;&nbsp;199,99","Disponibilidade":"Em Estoque"},"schema":{"@context":"https:\/\/schema.org","@graph":[{"@type":"WebPage","@id":"https:\/\/dixx.com.br\/index.php\/product\/armacao-para-oculos-par-de-lentes-filtro-azul\/","url":"https:\/\/dixx.com.br\/index.php\/product\/armacao-para-oculos-par-de-lentes-filtro-azul\/","name":"Arma\u00e7\u00e3o para \u00d3culos + Par de Lentes Filtro Azul - Lojas Dixx","isPartOf":{"@id":"https:\/\/dixx.com.br\/#website"},"primaryImageOfPage":{"@id":"https:\/\/dixx.com.br\/index.php\/product\/armacao-para-oculos-par-de-lentes-filtro-azul\/#primaryimage"},"image":{"@id":"https:\/\/dixx.com.br\/index.php\/product\/armacao-para-oculos-par-de-lentes-filtro-azul\/#primaryimage"},"thumbnailUrl":"https:\/\/dixx.com.br\/wp-content\/uploads\/2025\/11\/lente_com_luz_azul_protege_os_olhos_1.jpg","datePublished":"2025-11-07T17:58:40+00:00","dateModified":"2025-12-06T01:42:45+00:00","description":"As lentes que acompanham o produto s\u00e3o especialmente desenvolvidas com filtro azul para reduzir o cansa\u00e7o ocular causado pela exposi\u00e7\u00e3o prolongada a telas digitais. Com a tecnologia de lentes 1.56, elas s\u00e3o esf\u00e9ricas, com gradua\u00e7\u00e3o de +4,00 at\u00e9 -6,00 e valores cil\u00edndricos de -0,25 a -4,00. Isso garante uma vis\u00e3o mais n\u00edtida e menos desconfortos ao longo do dia.","breadcrumb":{"@id":"https:\/\/dixx.com.br\/index.php\/product\/armacao-para-oculos-par-de-lentes-filtro-azul\/#breadcrumb"},"inLanguage":"pt-BR","potentialAction":[{"@type":"ReadAction","target":["https:\/\/dixx.com.br\/index.php\/product\/armacao-para-oculos-par-de-lentes-filtro-azul\/"]}]},{"@type":"ImageObject","inLanguage":"pt-BR","@id":"https:\/\/dixx.com.br\/index.php\/product\/armacao-para-oculos-par-de-lentes-filtro-azul\/#primaryimage","url":"https:\/\/dixx.com.br\/wp-content\/uploads\/2025\/11\/lente_com_luz_azul_protege_os_olhos_1.jpg","contentUrl":"https:\/\/dixx.com.br\/wp-content\/uploads\/2025\/11\/lente_com_luz_azul_protege_os_olhos_1.jpg","width":1920,"height":1080},{"@type":"BreadcrumbList","@id":"https:\/\/dixx.com.br\/index.php\/product\/armacao-para-oculos-par-de-lentes-filtro-azul\/#breadcrumb","itemListElement":[{"@type":"ListItem","position":1,"name":"In\u00edcio","item":"https:\/\/dixx.com.br\/"},{"@type":"ListItem","position":2,"name":"Dixx","item":"https:\/\/dixx.com.br\/index.php\/shop\/"},{"@type":"ListItem","position":3,"name":"Arma\u00e7\u00e3o para \u00d3culos + Par de Lentes Filtro Azul"}]},{"@type":"WebSite","@id":"https:\/\/dixx.com.br\/#website","url":"https:\/\/dixx.com.br\/","name":"Semijoias Dixx","description":"Descubra uma cole\u00e7\u00e3o exclusiva de semi-joias que combina luxo e acessibilidade. Nossas pe\u00e7as s\u00e3o meticulosamente banhadas a ouro 18k e confeccionadas em prata 925, garantindo durabilidade e beleza. Cada item \u00e9 um testemunho de eleg\u00e2ncia atemporal e sofistica\u00e7\u00e3o, ideal para complementar qualquer estilo, seja moderno ou tradicional. Com compromisso com a qualidade e o artesanato, oferecemos joias que voc\u00ea pode confiar.","publisher":{"@id":"https:\/\/dixx.com.br\/#organization"},"alternateName":"joias Dixx, Prata 925 e Ouro 18k","potentialAction":[{"@type":"SearchAction","target":{"@type":"EntryPoint","urlTemplate":"https:\/\/dixx.com.br\/?s={search_term_string}"},"query-input":{"@type":"PropertyValueSpecification","valueRequired":true,"valueName":"search_term_string"}}],"inLanguage":"pt-BR"},{"@type":["Organization","Place","JewelryStore"],"@id":"https:\/\/dixx.com.br\/#organization","name":"Semijoias Dixx","alternateName":"Joias Dixx","url":"https:\/\/dixx.com.br\/","logo":{"@id":"https:\/\/dixx.com.br\/index.php\/product\/armacao-para-oculos-par-de-lentes-filtro-azul\/#local-main-organization-logo"},"image":{"@id":"https:\/\/dixx.com.br\/index.php\/product\/armacao-para-oculos-par-de-lentes-filtro-azul\/#local-main-organization-logo"},"sameAs":["https:\/\/www.facebook.com\/dixxtaguatinga","https:\/\/www.instagram.com\/Semijoias_dixx"],"description":"Descubra uma cole\u00e7\u00e3o exclusiva de semi-joias que combina luxo e acessibilidade. Nossas pe\u00e7as s\u00e3o meticulosamente banhadas a ouro 18k e confeccionadas em prata 925, garantindo durabilidade e beleza. Cada item \u00e9 um testemunho de eleg\u00e2ncia atemporal e sofistica\u00e7\u00e3o, ideal para complementar qualquer estilo, seja moderno ou tradicional.","foundingDate":"2006-09-01","numberOfEmployees":{"@type":"QuantitativeValue","minValue":"1","maxValue":"10"},"publishingPrinciples":"https:\/\/dixx.com.br\/index.php\/refund_returns\/","ownershipFundingInfo":"https:\/\/dixx.com.br\/index.php\/contato\/","actionableFeedbackPolicy":"https:\/\/dixx.com.br\/index.php\/contato\/","correctionsPolicy":"https:\/\/dixx.com.br\/index.php\/contato\/","ethicsPolicy":"https:\/\/dixx.com.br\/index.php\/refund_returns\/","address":{"@id":"https:\/\/dixx.com.br\/index.php\/product\/armacao-para-oculos-par-de-lentes-filtro-azul\/#local-main-place-address"},"geo":{"@type":"GeoCoordinates","latitude":"-15.835887640904977","longitude":"-48.06067428803497"},"telephone":["61991387437","61981004476"],"contactPoint":{"@type":"ContactPoint","telephone":"61991387437","email":"orlando@dixx.com.br"},"openingHoursSpecification":[{"@type":"OpeningHoursSpecification","dayOfWeek":["Sunday","Monday"],"opens":"00:00","closes":"00:00"},{"@type":"OpeningHoursSpecification","dayOfWeek":["Tuesday","Wednesday","Thursday","Friday","Saturday"],"opens":"09:00","closes":"17:00"}],"email":"contato@dixx.com.br","vatID":"08.346.053\/0001-70","taxID":"041.178.644-08","priceRange":"$$","currenciesAccepted":"Real-BR","paymentAccepted":"Cart\u00e3o de credito, D\u00e9bito, PIX e Dinheiro"},{"@type":"PostalAddress","@id":"https:\/\/dixx.com.br\/index.php\/product\/armacao-para-oculos-par-de-lentes-filtro-azul\/#local-main-place-address","streetAddress":"\u00c1rea Especial 7, Feira dos Importados de Taguatinga, loja 117","addressLocality":"Bras\u00edlia","postalCode":"72016-131","addressRegion":"Distrito Federal","addressCountry":"BR"},{"@type":"ImageObject","inLanguage":"pt-BR","@id":"https:\/\/dixx.com.br\/index.php\/product\/armacao-para-oculos-par-de-lentes-filtro-azul\/#local-main-organization-logo","url":"https:\/\/dixx.com.br\/wp-content\/uploads\/2024\/06\/cropped-LOGO-DIXX-OLD-e1718293516659.png","contentUrl":"https:\/\/dixx.com.br\/wp-content\/uploads\/2024\/06\/cropped-LOGO-DIXX-OLD-e1718293516659.png","width":149,"height":56,"caption":"Semijoias Dixx"}]},"product_price_amount":"199.99","product_price_currency":"BRL","og_availability":"instock","product_availability":"instock","product_condition":"new","geo.placename":"Bras\u00edlia","geo.position":{"lat":"-15.835887640904977","long":"-48.06067428803497"},"geo.region":"Brasil"},"featured_img":"https:\/\/dixx.com.br\/wp-content\/uploads\/2025\/11\/lente_com_luz_azul_protege_os_olhos_1-300x300.jpg","coauthors":[],"author_meta":{"author_link":"https:\/\/dixx.com.br\/index.php\/author\/obporlando\/","display_name":"Orlando Passos"},"relative_dates":{"created":"Publicado 6 meses atr\u00e1s","modified":"Atualizado 5 meses atr\u00e1s"},"absolute_dates":{"created":"Publicado em 7 de novembro de 2025","modified":"Atualizado em 5 de dezembro de 2025"},"absolute_dates_time":{"created":"Publicado em 7 de novembro de 2025 14:58","modified":"Atualizado em 5 de dezembro de 2025 22:42"},"featured_img_caption":"","tax_additional":{"product_brand":{"linked":["<a href=\"https:\/\/dixx.com.br\/index.php\/marca\/haytek\/\" class=\"advgb-post-tax-term\">Haytek<\/a>"],"unlinked":["<span class=\"advgb-post-tax-term\">Haytek<\/span>"],"slug":"product_brand","name":"Marcas"},"product_type":{"linked":["<a href=\"https:\/\/dixx.com.br\/?taxonomy=product_type&#038;term=simple\" class=\"advgb-post-tax-term\">simple<\/a>"],"unlinked":["<span class=\"advgb-post-tax-term\">simple<\/span>"],"slug":"product_type","name":"Tipo de produto"},"product_visibility":{"linked":[],"unlinked":[],"slug":"product_visibility","name":"Visibilidade do produto"},"product_cat":{"linked":["<a href=\"https:\/\/dixx.com.br\/index.php\/product-category\/armacoes\/\" class=\"advgb-post-tax-term\">Arma\u00e7\u00f5es F<\/a>","<a href=\"https:\/\/dixx.com.br\/index.php\/product-category\/armacoes_m\/\" class=\"advgb-post-tax-term\">Arma\u00e7\u00f5es M<\/a>","<a href=\"https:\/\/dixx.com.br\/index.php\/product-category\/lentyes\/\" class=\"advgb-post-tax-term\">Lentes<\/a>"],"unlinked":["<span class=\"advgb-post-tax-term\">Arma\u00e7\u00f5es F<\/span>","<span class=\"advgb-post-tax-term\">Arma\u00e7\u00f5es M<\/span>","<span class=\"advgb-post-tax-term\">Lentes<\/span>"],"slug":"product_cat","name":"Categorias de produto"},"product_tag":{"linked":["<a href=\"https:\/\/dixx.com.br\/index.php\/product-tag\/armacao\/\" class=\"advgb-post-tax-term\">Arma\u00e7\u00e3o<\/a>","<a href=\"https:\/\/dixx.com.br\/index.php\/product-tag\/filtro-azul\/\" class=\"advgb-post-tax-term\">Filtro Azul<\/a>","<a href=\"https:\/\/dixx.com.br\/index.php\/product-tag\/lentes\/\" class=\"advgb-post-tax-term\">lentes<\/a>"],"unlinked":["<span class=\"advgb-post-tax-term\">Arma\u00e7\u00e3o<\/span>","<span class=\"advgb-post-tax-term\">Filtro Azul<\/span>","<span class=\"advgb-post-tax-term\">lentes<\/span>"],"slug":"product_tag","name":"Tags de produto"},"product_shipping_class":{"linked":[],"unlinked":[],"slug":"product_shipping_class","name":"Classes de entrega do produto"},"pa_color":{"linked":[],"unlinked":[],"slug":"pa_color","name":"Atributo &quot;Color&quot; de produto"},"pa_ean":{"linked":[],"unlinked":[],"slug":"pa_ean","name":"Atributo &quot;EAN&quot; de produto"},"pa_marca":{"linked":[],"unlinked":[],"slug":"pa_marca","name":"Atributo &quot;Marca&quot; de produto"},"pa_tamanho":{"linked":[],"unlinked":[],"slug":"pa_tamanho","name":"Atributo &quot;Tamanho&quot; de produto"}},"series_order":"","_links":{"self":[{"href":"https:\/\/dixx.com.br\/index.php\/wp-json\/wp\/v2\/product\/26531","targetHints":{"allow":["GET"]}}],"collection":[{"href":"https:\/\/dixx.com.br\/index.php\/wp-json\/wp\/v2\/product"}],"about":[{"href":"https:\/\/dixx.com.br\/index.php\/wp-json\/wp\/v2\/types\/product"}],"replies":[{"embeddable":true,"href":"https:\/\/dixx.com.br\/index.php\/wp-json\/wp\/v2\/comments?post=26531"}],"wp:featuredmedia":[{"embeddable":true,"href":"https:\/\/dixx.com.br\/index.php\/wp-json\/wp\/v2\/media\/26532"}],"wp:attachment":[{"href":"https:\/\/dixx.com.br\/index.php\/wp-json\/wp\/v2\/media?parent=26531"}],"wp:term":[{"taxonomy":"product_brand","embeddable":true,"href":"https:\/\/dixx.com.br\/index.php\/wp-json\/wp\/v2\/product_brand?post=26531"},{"taxonomy":"product_cat","embeddable":true,"href":"https:\/\/dixx.com.br\/index.php\/wp-json\/wp\/v2\/product_cat?post=26531"},{"taxonomy":"product_tag","embeddable":true,"href":"https:\/\/dixx.com.br\/index.php\/wp-json\/wp\/v2\/product_tag?post=26531"}],"curies":[{"name":"wp","href":"https:\/\/api.w.org\/{rel}","templated":true}]}}